{"id":6743,"date":"2024-02-05T10:32:25","date_gmt":"2024-02-05T09:32:25","guid":{"rendered":"https:\/\/adhotelskaoprema.com\/proizvod\/tegla-cubotti-deep-bijela-19l\/"},"modified":"2024-02-05T10:32:29","modified_gmt":"2024-02-05T09:32:29","slug":"tegla-cubotti-deep-bijela-19l","status":"publish","type":"product","link":"https:\/\/adhotelskaoprema.com\/en\/proizvod\/tegla-cubotti-deep-bijela-19l\/","title":{"rendered":"TEGLA CUBOTTI DEEP &#8211; BIJELA 19L"},"content":{"rendered":"<p>Opis:<br \/>\nCubotti Deep su posude za biljke koje se uklapaju u kategoriju vanjskog namje\u0161taja za ure\u0111enje va\u0161eg vrta. Kubi\u010dni lonac dostupan u 3 veli\u010dine, s osnovnim oblikom i povr\u0161inom s mikro to\u010dkicama, pogodan za ure\u0111enje modernih i sofisticiranih okru\u017eenja. Lagano uzdignuta od tla, mo\u017ee se koristiti za izravnu sadnju, kao saksiju i za hidroponiju. Cubotti je tako\u0111er dostupan u visokoj verziji, kao i u osvjetljenim verzijama.<\/p>\n<p>Izra\u0111en od laganog, ali izdr\u017eljivog rotacijsko lijevanog polietilena. UV za\u0161tita. 100% recikliran<\/p>\n<p>Dimenzije: duljina: 37 cm , \u0161irina: 37 cm, visina: 33 cm, te\u017eina: 3,5 kg, zapremnine 19l<\/p>\n<p>Materijal: Izra\u0111en od LLDPE (linearni polietilen niske gusto\u0107e).<\/p>\n<p>Metoda proizvodnje: Rotacijsko kalupljenje.<\/p>\n<p>Pogodan za vanjsku upotrebu i otporan na sve vremenske uvjete. UV za\u0161tita, 100% recikliraju\u0107i materijal, obojeno otopinom. Visok stupanj mehani\u010dke \u010dvrsto\u0107e i otpornosti na udarce. Otporan na temperature, minus 35\u00b0C plus 80\u00b0C.<\/p>\n<p>Rok isporuke 25 dana.<\/p>\n","protected":false},"excerpt":{"rendered":"<p>||||||||<\/p>\n","protected":false},"featured_media":2511,"template":"","meta":{"_acf_changed":false},"product_brand":[],"product_cat":[85],"product_tag":[],"class_list":{"0":"post-6743","1":"product","2":"type-product","3":"status-publish","4":"has-post-thumbnail","6":"product_cat-tegle-za-cvijece","8":"first","9":"instock","10":"taxable","11":"shipping-taxable","12":"purchasable","13":"product-type-simple"},"acf":[],"_links":{"self":[{"href":"https:\/\/adhotelskaoprema.com\/en\/wp-json\/wp\/v2\/product\/6743","targetHints":{"allow":["GET"]}}],"collection":[{"href":"https:\/\/adhotelskaoprema.com\/en\/wp-json\/wp\/v2\/product"}],"about":[{"href":"https:\/\/adhotelskaoprema.com\/en\/wp-json\/wp\/v2\/types\/product"}],"wp:featuredmedia":[{"embeddable":true,"href":"https:\/\/adhotelskaoprema.com\/en\/wp-json\/wp\/v2\/media\/2511"}],"wp:attachment":[{"href":"https:\/\/adhotelskaoprema.com\/en\/wp-json\/wp\/v2\/media?parent=6743"}],"wp:term":[{"taxonomy":"product_brand","embeddable":true,"href":"https:\/\/adhotelskaoprema.com\/en\/wp-json\/wp\/v2\/product_brand?post=6743"},{"taxonomy":"product_cat","embeddable":true,"href":"https:\/\/adhotelskaoprema.com\/en\/wp-json\/wp\/v2\/product_cat?post=6743"},{"taxonomy":"product_tag","embeddable":true,"href":"https:\/\/adhotelskaoprema.com\/en\/wp-json\/wp\/v2\/product_tag?post=6743"}],"curies":[{"name":"wp","href":"https:\/\/api.w.org\/{rel}","templated":true}]}}