{"id":6736,"date":"2024-02-05T10:32:10","date_gmt":"2024-02-05T09:32:10","guid":{"rendered":"https:\/\/adhotelskaoprema.com\/proizvod\/tegla-cassero-60-origano-di-sardegna\/"},"modified":"2024-02-05T10:32:19","modified_gmt":"2024-02-05T09:32:19","slug":"tegla-cassero-60-origano-di-sardegna","status":"publish","type":"product","link":"https:\/\/adhotelskaoprema.com\/en\/proizvod\/tegla-cassero-60-origano-di-sardegna\/","title":{"rendered":"TEGLA CASSERO 60 &#8211; ORIGANO DI SARDEGNA"},"content":{"rendered":"<p>Opis:<br \/>\nKolekcija Cassero koju je dizajnirala Patricia Urquiola inspirirana je kalupima koji se koriste u gra\u0111evinskoj industriji kada se gradi s betonom. Ova kolekcija jednodijelnih vaza izra\u0111enih od polietilena namjerno ima efekt cementa kao da su izlivene i zatim izva\u0111ene iz kalupa.<br \/>\nS kolekcijom Cassero, arhitektica Urquiola odlu\u010dila je kreirati vaze koje nisu samo savr\u0161ene za vani, ve\u0107 i za unos biljaka u interijere, te ih je uklju\u010dio u svijet dekora.<\/p>\n<p>Dimenzije: duljina: 60 cm , \u0161irina: 60 cm, visina: 70 cm, te\u017eina: 8,5 kg, zapremnine 135l<\/p>\n<p>Materijal: Izra\u0111en od LLDPE (linearni polietilen niske gusto\u0107e).<\/p>\n<p>Metoda proizvodnje: Rotacijsko kalupljenje.<\/p>\n<p>Pogodan za vanjsku upotrebu i otporan na sve vremenske uvjete. UV za\u0161tita, 100% recikliraju\u0107i materijal, obojeno otopinom. Visok stupanj mehani\u010dke \u010dvrsto\u0107e i otpornosti na udarce. Otporan na temperature, minus 35\u00b0C plus 80\u00b0C.<\/p>\n<p>Rok isporuke 25 dana.<\/p>\n","protected":false},"excerpt":{"rendered":"<p>||||<\/p>\n","protected":false},"featured_media":2495,"template":"","meta":{"_acf_changed":false},"product_brand":[],"product_cat":[85],"product_tag":[],"class_list":{"0":"post-6736","1":"product","2":"type-product","3":"status-publish","4":"has-post-thumbnail","6":"product_cat-tegle-za-cvijece","8":"first","9":"instock","10":"taxable","11":"shipping-taxable","12":"purchasable","13":"product-type-simple"},"acf":[],"_links":{"self":[{"href":"https:\/\/adhotelskaoprema.com\/en\/wp-json\/wp\/v2\/product\/6736","targetHints":{"allow":["GET"]}}],"collection":[{"href":"https:\/\/adhotelskaoprema.com\/en\/wp-json\/wp\/v2\/product"}],"about":[{"href":"https:\/\/adhotelskaoprema.com\/en\/wp-json\/wp\/v2\/types\/product"}],"wp:featuredmedia":[{"embeddable":true,"href":"https:\/\/adhotelskaoprema.com\/en\/wp-json\/wp\/v2\/media\/2495"}],"wp:attachment":[{"href":"https:\/\/adhotelskaoprema.com\/en\/wp-json\/wp\/v2\/media?parent=6736"}],"wp:term":[{"taxonomy":"product_brand","embeddable":true,"href":"https:\/\/adhotelskaoprema.com\/en\/wp-json\/wp\/v2\/product_brand?post=6736"},{"taxonomy":"product_cat","embeddable":true,"href":"https:\/\/adhotelskaoprema.com\/en\/wp-json\/wp\/v2\/product_cat?post=6736"},{"taxonomy":"product_tag","embeddable":true,"href":"https:\/\/adhotelskaoprema.com\/en\/wp-json\/wp\/v2\/product_tag?post=6736"}],"curies":[{"name":"wp","href":"https:\/\/api.w.org\/{rel}","templated":true}]}}