{"id":6711,"date":"2024-02-05T10:31:55","date_gmt":"2024-02-05T09:31:55","guid":{"rendered":"https:\/\/adhotelskaoprema.com\/proizvod\/tegla-camelia-siva-37l\/"},"modified":"2024-02-05T10:32:03","modified_gmt":"2024-02-05T09:32:03","slug":"tegla-camelia-siva-37l","status":"publish","type":"product","link":"https:\/\/adhotelskaoprema.com\/en\/proizvod\/tegla-camelia-siva-37l\/","title":{"rendered":"TEGLA CAMELIA &#8211; SIVA &#8211; 37L"},"content":{"rendered":"<p>Opis:<br \/>\nCamelia tegla je posuda \u010dije su istaknute zna\u010dajke ljubazne i \u017eenstvene. Bezvremenski, jednostavni i diskretni predmeti koji prihva\u0107aju sna\u017ean izraz suvremenog dizajna.<\/p>\n<p>Dimenzije: \u00f8 56,5 x 48 cm visina, 3,5 kg, zapremnine 37L.<\/p>\n<p>Materijal: Izra\u0111en od LLDPE (linearni polietilen niske gusto\u0107e).<\/p>\n<p>Metoda proizvodnje: Rotacijsko kalupljenje.<\/p>\n<p>Pogodan za vanjsku upotrebu i otporan na sve vremenske uvjete. UV za\u0161tita, 100% recikliraju\u0107i materijal, obojeno otopinom. Visok stupanj mehani\u010dke \u010dvrsto\u0107e i otpornosti na udarce. Otporan na temperature, minus 35\u00b0C plus 80\u00b0C.<\/p>\n<p>Rok isporuke 25 dana.<\/p>\n","protected":false},"excerpt":{"rendered":"<p>|||<\/p>\n","protected":false},"featured_media":2459,"template":"","meta":{"_acf_changed":false},"product_brand":[],"product_cat":[85],"product_tag":[],"class_list":{"0":"post-6711","1":"product","2":"type-product","3":"status-publish","4":"has-post-thumbnail","6":"product_cat-tegle-za-cvijece","8":"first","9":"instock","10":"sale","11":"taxable","12":"shipping-taxable","13":"purchasable","14":"product-type-simple"},"acf":[],"_links":{"self":[{"href":"https:\/\/adhotelskaoprema.com\/en\/wp-json\/wp\/v2\/product\/6711","targetHints":{"allow":["GET"]}}],"collection":[{"href":"https:\/\/adhotelskaoprema.com\/en\/wp-json\/wp\/v2\/product"}],"about":[{"href":"https:\/\/adhotelskaoprema.com\/en\/wp-json\/wp\/v2\/types\/product"}],"wp:featuredmedia":[{"embeddable":true,"href":"https:\/\/adhotelskaoprema.com\/en\/wp-json\/wp\/v2\/media\/2459"}],"wp:attachment":[{"href":"https:\/\/adhotelskaoprema.com\/en\/wp-json\/wp\/v2\/media?parent=6711"}],"wp:term":[{"taxonomy":"product_brand","embeddable":true,"href":"https:\/\/adhotelskaoprema.com\/en\/wp-json\/wp\/v2\/product_brand?post=6711"},{"taxonomy":"product_cat","embeddable":true,"href":"https:\/\/adhotelskaoprema.com\/en\/wp-json\/wp\/v2\/product_cat?post=6711"},{"taxonomy":"product_tag","embeddable":true,"href":"https:\/\/adhotelskaoprema.com\/en\/wp-json\/wp\/v2\/product_tag?post=6711"}],"curies":[{"name":"wp","href":"https:\/\/api.w.org\/{rel}","templated":true}]}}