{"id":6689,"date":"2024-02-05T10:31:38","date_gmt":"2024-02-05T09:31:38","guid":{"rendered":"https:\/\/adhotelskaoprema.com\/proizvod\/tegla-bordato-liscio-smeda-21l\/"},"modified":"2024-02-05T10:31:45","modified_gmt":"2024-02-05T09:31:45","slug":"tegla-bordato-liscio-smeda-21l","status":"publish","type":"product","link":"https:\/\/adhotelskaoprema.com\/en\/proizvod\/tegla-bordato-liscio-smeda-21l\/","title":{"rendered":"TEGLA BORDATO LISCIO &#8211; SME\u0110A &#8211; 21L"},"content":{"rendered":"<p>Opis:<br \/>\nOsnovni, ugodni oblici. Povr\u0161ina s laganom teksturom daje im tradicionalni izgled, za ruralni u\u010dinak, ali sa stalo\u017eeno\u0161\u0107u. Moderna interpretacija klasi\u010dne vaze par excellence, serija Bordato Liscio optimalno je rje\u0161enje za svako okru\u017eenje &#8211; unutarnje, vanjske, terase i vrtove. Ima originalnu &#8220;izgrebanu&#8221; zavr\u0161nu obradu u tradicionalnim ponu\u0111enim bojama. Dostupno u razli\u010ditim veli\u010dinama i bojama. <\/p>\n<p>Dimenzije: \u00f8 35,5 x 31 cm visina, 1,1 kg, zapremnine 21L.<\/p>\n<p>Materijal: Izra\u0111en od LLDPE (linearni polietilen niske gusto\u0107e).<\/p>\n<p>Metoda proizvodnje: Rotacijsko kalupljenje.<\/p>\n<p>Pogodan za vanjsku upotrebu i otporan na sve vremenske uvjete. UV za\u0161tita, 100% recikliraju\u0107i materijal, obojeno otopinom. Visok stupanj mehani\u010dke \u010dvrsto\u0107e i otpornosti na udarce. Otporan na temperature, minus 35\u00b0C plus 80\u00b0C.<\/p>\n<p>LINK ZA PRIPADAJU\u0106I TANJUR ZA TEGLU &#8211; https:\/\/adhotelskaoprema.com\/proizvod\/tanjur-za-teglu-bordato-liscio-21l\/<\/p>\n<p>Rok isporuke 25 dana.<\/p>\n","protected":false},"excerpt":{"rendered":"<p>||||<\/p>\n","protected":false},"featured_media":2428,"template":"","meta":{"_acf_changed":false},"product_brand":[],"product_cat":[85],"product_tag":[],"class_list":{"0":"post-6689","1":"product","2":"type-product","3":"status-publish","4":"has-post-thumbnail","6":"product_cat-tegle-za-cvijece","8":"first","9":"instock","10":"sale","11":"taxable","12":"shipping-taxable","13":"purchasable","14":"product-type-simple"},"acf":[],"_links":{"self":[{"href":"https:\/\/adhotelskaoprema.com\/en\/wp-json\/wp\/v2\/product\/6689","targetHints":{"allow":["GET"]}}],"collection":[{"href":"https:\/\/adhotelskaoprema.com\/en\/wp-json\/wp\/v2\/product"}],"about":[{"href":"https:\/\/adhotelskaoprema.com\/en\/wp-json\/wp\/v2\/types\/product"}],"wp:featuredmedia":[{"embeddable":true,"href":"https:\/\/adhotelskaoprema.com\/en\/wp-json\/wp\/v2\/media\/2428"}],"wp:attachment":[{"href":"https:\/\/adhotelskaoprema.com\/en\/wp-json\/wp\/v2\/media?parent=6689"}],"wp:term":[{"taxonomy":"product_brand","embeddable":true,"href":"https:\/\/adhotelskaoprema.com\/en\/wp-json\/wp\/v2\/product_brand?post=6689"},{"taxonomy":"product_cat","embeddable":true,"href":"https:\/\/adhotelskaoprema.com\/en\/wp-json\/wp\/v2\/product_cat?post=6689"},{"taxonomy":"product_tag","embeddable":true,"href":"https:\/\/adhotelskaoprema.com\/en\/wp-json\/wp\/v2\/product_tag?post=6689"}],"curies":[{"name":"wp","href":"https:\/\/api.w.org\/{rel}","templated":true}]}}