{"id":6659,"date":"2024-02-05T10:31:09","date_gmt":"2024-02-05T09:31:09","guid":{"rendered":"https:\/\/adhotelskaoprema.com\/proizvod\/valera-action-super-plus-profesional-1600-srebrni-sa-zidnim-nosacem-i-dodatnom-uticnicom\/"},"modified":"2024-02-21T10:20:18","modified_gmt":"2024-02-21T09:20:18","slug":"valera-action-super-plus-profesional-1600-srebrni-sa-zidnim-nosacem-i-dodatnom-uticnicom","status":"publish","type":"product","link":"https:\/\/adhotelskaoprema.com\/en\/proizvod\/valera-action-super-plus-profesional-1600-srebrni-sa-zidnim-nosacem-i-dodatnom-uticnicom\/","title":{"rendered":"VALERA ACTION SUPER PLUS PROFESIONAL 1600 &#8211; SREBRNI SA ZIDNIM NOSA\u010cEM I DODATNOM UTI\u010cNICOM"},"content":{"rendered":"<p>Opis:<br \/>\nNovi moderan dizajn, proizveden u \u0160vicarskoj.<br \/>\nDupla izolacija, srebrne boje sa nano-srebrnim antibakterijskim premazom. Snage 1600 W sa zidnim nosa\u010dem koji ima on\/off sigurnosni prekida\u010d i dodatnom uti\u010dnicom za brija\u010di aparat snage 110-120V i 220-240V &#8211; Transformator za sigurnosnu izolaciju. Su\u0161ilo ima 3 postavke temperature i 2 brzine rada. Izuzetno tihi rad.<\/p>\n<p>Rok isporuke za ve\u0107e koli\u010dine 14 &#8211; 20 dana.<\/p>\n","protected":false},"excerpt":{"rendered":"<p>Opis: Novi moderan dizajn, proizveden u \u0160vicarskoj. Dupla izolacija, srebrne boje sa nano-srebrnim antibakterijskim premazom. Snage 1600 W sa zidnim nosa\u010dem koji ima on\/off sigurnosni prekida\u010d i dodatnom uti\u010dnicom za brija\u010di aparat snage 110-120V i 220-240V &#8211; Transformator za sigurnosnu izolaciju. Su\u0161ilo ima 3 postavke temperature i 2 brzine rada. Izuzetno tihi rad. Rok isporuke [&hellip;]<\/p>\n","protected":false},"featured_media":2390,"template":"","meta":{"_acf_changed":false},"product_brand":[],"product_cat":[44],"product_tag":[],"class_list":{"0":"post-6659","1":"product","2":"type-product","3":"status-publish","4":"has-post-thumbnail","6":"product_cat-susila-za-kosu","8":"first","9":"instock","10":"sale","11":"taxable","12":"shipping-taxable","13":"purchasable","14":"product-type-simple"},"acf":[],"_links":{"self":[{"href":"https:\/\/adhotelskaoprema.com\/en\/wp-json\/wp\/v2\/product\/6659","targetHints":{"allow":["GET"]}}],"collection":[{"href":"https:\/\/adhotelskaoprema.com\/en\/wp-json\/wp\/v2\/product"}],"about":[{"href":"https:\/\/adhotelskaoprema.com\/en\/wp-json\/wp\/v2\/types\/product"}],"wp:featuredmedia":[{"embeddable":true,"href":"https:\/\/adhotelskaoprema.com\/en\/wp-json\/wp\/v2\/media\/2390"}],"wp:attachment":[{"href":"https:\/\/adhotelskaoprema.com\/en\/wp-json\/wp\/v2\/media?parent=6659"}],"wp:term":[{"taxonomy":"product_brand","embeddable":true,"href":"https:\/\/adhotelskaoprema.com\/en\/wp-json\/wp\/v2\/product_brand?post=6659"},{"taxonomy":"product_cat","embeddable":true,"href":"https:\/\/adhotelskaoprema.com\/en\/wp-json\/wp\/v2\/product_cat?post=6659"},{"taxonomy":"product_tag","embeddable":true,"href":"https:\/\/adhotelskaoprema.com\/en\/wp-json\/wp\/v2\/product_tag?post=6659"}],"curies":[{"name":"wp","href":"https:\/\/api.w.org\/{rel}","templated":true}]}}