{"id":6654,"date":"2024-02-05T10:30:51","date_gmt":"2024-02-05T09:30:51","guid":{"rendered":"https:\/\/adhotelskaoprema.com\/proizvod\/susilo-za-kosu-valera-premium-1200-super-sa-zidnim-nosacem\/"},"modified":"2024-02-05T10:31:04","modified_gmt":"2024-02-05T09:31:04","slug":"susilo-za-kosu-valera-premium-1200-super-sa-zidnim-nosacem","status":"publish","type":"product","link":"https:\/\/adhotelskaoprema.com\/en\/proizvod\/susilo-za-kosu-valera-premium-1200-super-sa-zidnim-nosacem\/","title":{"rendered":"SU\u0160ILO ZA KOSU VALERA PREMIUM 1200 SUPER SA ZIDNIM NOSA\u010cEM"},"content":{"rendered":"<p>Opis:<br \/>\nNovi moderan dizajn, proizveden u \u0160vicarskoj.<br \/>\nDupla izolacija, bijele boje sa nano-srebrnim antibakterijskim premazom. Snage 1200 W.<br \/>\nDva prekida\u010da, sa zidnim nosa\u010dem. Izolacijski prekida\u010d na zidnom dr\u017ea\u010du te sigurnosni povratni prekida\u010d na &#8220;pi\u0161tolju&#8221;.<\/p>\n<p>Rok isporuke za ve\u0107e koli\u010dine 14 &#8211; 20 dana.<\/p>\n","protected":false},"excerpt":{"rendered":"<p>Opis: Novi moderan dizajn, proizveden u \u0160vicarskoj. Dupla izolacija, bijele boje sa nano-srebrnim antibakterijskim premazom. Snage 1200 W. Dva prekida\u010da, sa zidnim nosa\u010dem. Izolacijski prekida\u010d na zidnom dr\u017ea\u010du te sigurnosni povratni prekida\u010d na &#8220;pi\u0161tolju&#8221;. Rok isporuke za ve\u0107e koli\u010dine 14 &#8211; 20 dana.<\/p>\n","protected":false},"featured_media":2382,"template":"","meta":{"_acf_changed":false},"product_brand":[],"product_cat":[44],"product_tag":[],"class_list":{"0":"post-6654","1":"product","2":"type-product","3":"status-publish","4":"has-post-thumbnail","6":"product_cat-susila-za-kosu","8":"first","9":"instock","10":"sale","11":"taxable","12":"shipping-taxable","13":"purchasable","14":"product-type-simple"},"acf":[],"_links":{"self":[{"href":"https:\/\/adhotelskaoprema.com\/en\/wp-json\/wp\/v2\/product\/6654","targetHints":{"allow":["GET"]}}],"collection":[{"href":"https:\/\/adhotelskaoprema.com\/en\/wp-json\/wp\/v2\/product"}],"about":[{"href":"https:\/\/adhotelskaoprema.com\/en\/wp-json\/wp\/v2\/types\/product"}],"wp:featuredmedia":[{"embeddable":true,"href":"https:\/\/adhotelskaoprema.com\/en\/wp-json\/wp\/v2\/media\/2382"}],"wp:attachment":[{"href":"https:\/\/adhotelskaoprema.com\/en\/wp-json\/wp\/v2\/media?parent=6654"}],"wp:term":[{"taxonomy":"product_brand","embeddable":true,"href":"https:\/\/adhotelskaoprema.com\/en\/wp-json\/wp\/v2\/product_brand?post=6654"},{"taxonomy":"product_cat","embeddable":true,"href":"https:\/\/adhotelskaoprema.com\/en\/wp-json\/wp\/v2\/product_cat?post=6654"},{"taxonomy":"product_tag","embeddable":true,"href":"https:\/\/adhotelskaoprema.com\/en\/wp-json\/wp\/v2\/product_tag?post=6654"}],"curies":[{"name":"wp","href":"https:\/\/api.w.org\/{rel}","templated":true}]}}