{"id":6650,"date":"2024-02-05T10:30:51","date_gmt":"2024-02-05T09:30:51","guid":{"rendered":"https:\/\/adhotelskaoprema.com\/proizvod\/rucnik-za-tijelo-premium-optimum-tamno-plavi-70-x-150-2-komada\/"},"modified":"2024-08-30T12:13:33","modified_gmt":"2024-08-30T10:13:33","slug":"rucnik-za-tijelo-premium-optimum-tamno-plavi-70-x-150-2-komada","status":"publish","type":"product","link":"https:\/\/adhotelskaoprema.com\/en\/proizvod\/rucnik-za-tijelo-premium-optimum-tamno-plavi-70-x-150-2-komada\/","title":{"rendered":"Ru\u010dnik za tijelo Premium Optimum &#8211; Tamno plavi 70 X 150 (2 komada)"},"content":{"rendered":"<p>Opis:<br \/>\nApsolutno \u0161armantni ru\u010dnici koji su prednost svakog hotela. Optimum-Soft pre\u0111a osigurava visok stupanj gipkosti i smiren izgled u isto vrijeme. Pre\u0111a i te\u017eina idealno su uskla\u0111eni i odaju primjetan luksuz. Ru\u010dnici za tu\u0161iranje i kupanje u du\u017eim veli\u010dinama izra\u017eavaju ekskluzivnost i popularni su u vrhunskim hotelima.<br \/>\nPre\u0111a: \u010de\u0161ljana Optimum-Soft pre\u0111a, 100% pamuk.<br \/>\nPranje: do 95\u00b0C<br \/>\nTolerancija: za veli\u010dinu, te\u017einu i boju +\/- 5%, skupljanje 7-10%.<br \/>\nCertifikati: Standard 100 by Oekotex, MADE-IN-GREEN i Gr\u00fcner Knopf.<br \/>\nDimenzija:70 x 150 cm.<br \/>\n580 g\/m2<\/p>\n<p>Rok isporuke 7 &#8211; 14 dana.<\/p>\n","protected":false},"excerpt":{"rendered":"<p>Opis: Apsolutno \u0161armantni ru\u010dnici koji su prednost svakog hotela. Optimum-Soft pre\u0111a osigurava visok stupanj gipkosti i smiren izgled u isto vrijeme. Pre\u0111a i te\u017eina idealno su uskla\u0111eni i odaju primjetan luksuz. Ru\u010dnici za tu\u0161iranje i kupanje u du\u017eim veli\u010dinama izra\u017eavaju ekskluzivnost i popularni su u vrhunskim hotelima. Pre\u0111a: \u010de\u0161ljana Optimum-Soft pre\u0111a, 100% pamuk. Pranje: do [&hellip;]<\/p>\n","protected":false},"featured_media":2374,"template":"","meta":{"_acf_changed":false},"product_brand":[],"product_cat":[160],"product_tag":[],"class_list":{"0":"post-6650","1":"product","2":"type-product","3":"status-publish","4":"has-post-thumbnail","6":"product_cat-hotelski-rucnici-u-boji-premium-optimum","8":"first","9":"outofstock","10":"sale","11":"taxable","12":"shipping-taxable","13":"purchasable","14":"product-type-simple"},"acf":[],"_links":{"self":[{"href":"https:\/\/adhotelskaoprema.com\/en\/wp-json\/wp\/v2\/product\/6650","targetHints":{"allow":["GET"]}}],"collection":[{"href":"https:\/\/adhotelskaoprema.com\/en\/wp-json\/wp\/v2\/product"}],"about":[{"href":"https:\/\/adhotelskaoprema.com\/en\/wp-json\/wp\/v2\/types\/product"}],"wp:featuredmedia":[{"embeddable":true,"href":"https:\/\/adhotelskaoprema.com\/en\/wp-json\/wp\/v2\/media\/2374"}],"wp:attachment":[{"href":"https:\/\/adhotelskaoprema.com\/en\/wp-json\/wp\/v2\/media?parent=6650"}],"wp:term":[{"taxonomy":"product_brand","embeddable":true,"href":"https:\/\/adhotelskaoprema.com\/en\/wp-json\/wp\/v2\/product_brand?post=6650"},{"taxonomy":"product_cat","embeddable":true,"href":"https:\/\/adhotelskaoprema.com\/en\/wp-json\/wp\/v2\/product_cat?post=6650"},{"taxonomy":"product_tag","embeddable":true,"href":"https:\/\/adhotelskaoprema.com\/en\/wp-json\/wp\/v2\/product_tag?post=6650"}],"curies":[{"name":"wp","href":"https:\/\/api.w.org\/{rel}","templated":true}]}}