{"id":6604,"date":"2024-02-05T10:30:25","date_gmt":"2024-02-05T09:30:25","guid":{"rendered":"https:\/\/adhotelskaoprema.com\/proizvod\/rucnik-profi-star-sivi-30-x-30-4-komada\/"},"modified":"2024-08-30T12:17:29","modified_gmt":"2024-08-30T10:17:29","slug":"rucnik-profi-star-sivi-30-x-30-4-komada","status":"publish","type":"product","link":"https:\/\/adhotelskaoprema.com\/en\/proizvod\/rucnik-profi-star-sivi-30-x-30-4-komada\/","title":{"rendered":"Ru\u010dnik Profi Star &#8211; Sivi 30 x 30 (4 komada)"},"content":{"rendered":"<p>Opis:<br \/>\nFluffy, meka frotir kolekcija s velikim izborom svijetlih, modernih i zemljanih boja. Moderan dizajn s elegantnom strukturom u\u017eeta i isprepletenim, sjajnim prugama na oba kraja ru\u010dnika. U ovom dizajnu bez obruba svi artikli su optimalno prilago\u0111eni za su\u0161enje u su\u0161ilici.<br \/>\nPre\u0111a: Eco-Soft, 100% pamuk, grebenana prstenasta pre\u0111a.<br \/>\nPranje: do 95\u00b0C.<br \/>\nTolerancija: za veli\u010dinu, te\u017einu i boju +\/- 5%, skupljanje 7-10%<br \/>\nCertifikati: Standard 100 by Oekotex, MADE-IN-GREEN i Gr\u00fcner Knopf.<br \/>\nDimenzije: 30 x 30 cm.<br \/>\n500 g\/m2<\/p>\n<p>Rok isporuke 7 &#8211; 14 dana.<\/p>\n","protected":false},"excerpt":{"rendered":"<p>Opis: Fluffy, meka frotir kolekcija s velikim izborom svijetlih, modernih i zemljanih boja. Moderan dizajn s elegantnom strukturom u\u017eeta i isprepletenim, sjajnim prugama na oba kraja ru\u010dnika. U ovom dizajnu bez obruba svi artikli su optimalno prilago\u0111eni za su\u0161enje u su\u0161ilici. Pre\u0111a: Eco-Soft, 100% pamuk, grebenana prstenasta pre\u0111a. Pranje: do 95\u00b0C. Tolerancija: za veli\u010dinu, te\u017einu [&hellip;]<\/p>\n","protected":false},"featured_media":2316,"template":"","meta":{"_acf_changed":false},"product_brand":[],"product_cat":[156],"product_tag":[],"class_list":{"0":"post-6604","1":"product","2":"type-product","3":"status-publish","4":"has-post-thumbnail","6":"product_cat-hotelski-rucnici-u-boji-profi-star","8":"first","9":"outofstock","10":"sale","11":"taxable","12":"shipping-taxable","13":"purchasable","14":"product-type-simple"},"acf":[],"_links":{"self":[{"href":"https:\/\/adhotelskaoprema.com\/en\/wp-json\/wp\/v2\/product\/6604","targetHints":{"allow":["GET"]}}],"collection":[{"href":"https:\/\/adhotelskaoprema.com\/en\/wp-json\/wp\/v2\/product"}],"about":[{"href":"https:\/\/adhotelskaoprema.com\/en\/wp-json\/wp\/v2\/types\/product"}],"wp:featuredmedia":[{"embeddable":true,"href":"https:\/\/adhotelskaoprema.com\/en\/wp-json\/wp\/v2\/media\/2316"}],"wp:attachment":[{"href":"https:\/\/adhotelskaoprema.com\/en\/wp-json\/wp\/v2\/media?parent=6604"}],"wp:term":[{"taxonomy":"product_brand","embeddable":true,"href":"https:\/\/adhotelskaoprema.com\/en\/wp-json\/wp\/v2\/product_brand?post=6604"},{"taxonomy":"product_cat","embeddable":true,"href":"https:\/\/adhotelskaoprema.com\/en\/wp-json\/wp\/v2\/product_cat?post=6604"},{"taxonomy":"product_tag","embeddable":true,"href":"https:\/\/adhotelskaoprema.com\/en\/wp-json\/wp\/v2\/product_tag?post=6604"}],"curies":[{"name":"wp","href":"https:\/\/api.w.org\/{rel}","templated":true}]}}