{"id":6590,"date":"2024-02-05T10:30:07","date_gmt":"2024-02-05T09:30:07","guid":{"rendered":"https:\/\/adhotelskaoprema.com\/proizvod\/uredaj-za-ciscenje-cipela-k\/"},"modified":"2024-02-05T10:30:17","modified_gmt":"2024-02-05T09:30:17","slug":"uredaj-za-ciscenje-cipela-k","status":"publish","type":"product","link":"https:\/\/adhotelskaoprema.com\/en\/proizvod\/uredaj-za-ciscenje-cipela-k\/","title":{"rendered":"Ure\u0111aj za \u010di\u0161\u0107enje cipela K"},"content":{"rendered":"<p>Opis:<br \/>\nizra\u0111en od nehr\u0111aju\u0107eg \u010delika, sa dvije \u010detke za poliranje i jedna za \u010di\u0161\u0107enje, radi na 220v, snaga 50W, rotacija motora 2000 okretaja u minuti.<br \/>\nDimenzije:<br \/>\nure\u0111aj: 890v X 290\u0161 X 470d (mm)<br \/>\n\u010detke: 165 X 70 (mm)<\/p>\n<p>Rok isporuke 7 -10 dana.<\/p>\n","protected":false},"excerpt":{"rendered":"<p>|<\/p>\n","protected":false},"featured_media":2294,"template":"","meta":{"_acf_changed":false},"product_brand":[],"product_cat":[82],"product_tag":[],"class_list":{"0":"post-6590","1":"product","2":"type-product","3":"status-publish","4":"has-post-thumbnail","6":"product_cat-uredaji-za-ciscenje-cipela","8":"first","9":"instock","10":"sale","11":"taxable","12":"shipping-taxable","13":"purchasable","14":"product-type-simple"},"acf":[],"_links":{"self":[{"href":"https:\/\/adhotelskaoprema.com\/en\/wp-json\/wp\/v2\/product\/6590","targetHints":{"allow":["GET"]}}],"collection":[{"href":"https:\/\/adhotelskaoprema.com\/en\/wp-json\/wp\/v2\/product"}],"about":[{"href":"https:\/\/adhotelskaoprema.com\/en\/wp-json\/wp\/v2\/types\/product"}],"wp:featuredmedia":[{"embeddable":true,"href":"https:\/\/adhotelskaoprema.com\/en\/wp-json\/wp\/v2\/media\/2294"}],"wp:attachment":[{"href":"https:\/\/adhotelskaoprema.com\/en\/wp-json\/wp\/v2\/media?parent=6590"}],"wp:term":[{"taxonomy":"product_brand","embeddable":true,"href":"https:\/\/adhotelskaoprema.com\/en\/wp-json\/wp\/v2\/product_brand?post=6590"},{"taxonomy":"product_cat","embeddable":true,"href":"https:\/\/adhotelskaoprema.com\/en\/wp-json\/wp\/v2\/product_cat?post=6590"},{"taxonomy":"product_tag","embeddable":true,"href":"https:\/\/adhotelskaoprema.com\/en\/wp-json\/wp\/v2\/product_tag?post=6590"}],"curies":[{"name":"wp","href":"https:\/\/api.w.org\/{rel}","templated":true}]}}