{"id":6580,"date":"2024-02-05T10:30:07","date_gmt":"2024-02-05T09:30:07","guid":{"rendered":"https:\/\/adhotelskaoprema.com\/proizvod\/laneni-podmetac-za-tanjur-montana-grape-35-x-45-4-komada\/"},"modified":"2024-02-05T10:30:10","modified_gmt":"2024-02-05T09:30:10","slug":"laneni-podmetac-za-tanjur-montana-grape-35-x-45-4-komada","status":"publish","type":"product","link":"https:\/\/adhotelskaoprema.com\/en\/proizvod\/laneni-podmetac-za-tanjur-montana-grape-35-x-45-4-komada\/","title":{"rendered":"Laneni podmeta\u010d za tanjur &#8211; montana grape &#8211; 35 x 45 ( 4 komada )"},"content":{"rendered":"<p>Opis:<br \/>\nVrhunski osje\u0107aj ve\u010dere koja se svaki put osje\u0107a poput slavlja uz na\u0161 laneni podmeta\u010d. \u0160irok raspon jednobojnih podmeta\u010da pobolj\u0161ava va\u0161e iskustvo za svako godi\u0161nje doba &#8211; prolje\u0107e, ljeto, jesen i zimu. Uredan izgled dvostranog 100% europskog lana. Vrlo je izdr\u017eljiv i lako se pere. Ispunimo Va\u0161u svakodnevnicu ljep\u0161om i uzbudljivijom.<br \/>\nDimenzija: 35 x 45<br \/>\nSastav:100% lan, 215 g\/m2<br \/>\nOEKO-TEX\u00ae i EUROPEAN FLAX\u00ae certificirana lanena tkanina.<br \/>\nProizvedeno u Litvi.<\/p>\n<p>Dostupno uz narud\u017ebu, rok isporuke 20 -30 dana.<\/p>\n","protected":false},"excerpt":{"rendered":"<p>Opis: Vrhunski osje\u0107aj ve\u010dere koja se svaki put osje\u0107a poput slavlja uz na\u0161 laneni podmeta\u010d. \u0160irok raspon jednobojnih podmeta\u010da pobolj\u0161ava va\u0161e iskustvo za svako godi\u0161nje doba &#8211; prolje\u0107e, ljeto, jesen i zimu. Uredan izgled dvostranog 100% europskog lana. Vrlo je izdr\u017eljiv i lako se pere. Ispunimo Va\u0161u svakodnevnicu ljep\u0161om i uzbudljivijom. Dimenzija: 35 x 45 [&hellip;]<\/p>\n","protected":false},"featured_media":2275,"template":"","meta":{"_acf_changed":false},"product_brand":[],"product_cat":[81],"product_tag":[],"class_list":{"0":"post-6580","1":"product","2":"type-product","3":"status-publish","4":"has-post-thumbnail","6":"product_cat-laneni-podmetaci-za-stol","8":"first","9":"onbackorder","10":"sale","11":"taxable","12":"shipping-taxable","13":"purchasable","14":"product-type-simple"},"acf":[],"_links":{"self":[{"href":"https:\/\/adhotelskaoprema.com\/en\/wp-json\/wp\/v2\/product\/6580","targetHints":{"allow":["GET"]}}],"collection":[{"href":"https:\/\/adhotelskaoprema.com\/en\/wp-json\/wp\/v2\/product"}],"about":[{"href":"https:\/\/adhotelskaoprema.com\/en\/wp-json\/wp\/v2\/types\/product"}],"wp:featuredmedia":[{"embeddable":true,"href":"https:\/\/adhotelskaoprema.com\/en\/wp-json\/wp\/v2\/media\/2275"}],"wp:attachment":[{"href":"https:\/\/adhotelskaoprema.com\/en\/wp-json\/wp\/v2\/media?parent=6580"}],"wp:term":[{"taxonomy":"product_brand","embeddable":true,"href":"https:\/\/adhotelskaoprema.com\/en\/wp-json\/wp\/v2\/product_brand?post=6580"},{"taxonomy":"product_cat","embeddable":true,"href":"https:\/\/adhotelskaoprema.com\/en\/wp-json\/wp\/v2\/product_cat?post=6580"},{"taxonomy":"product_tag","embeddable":true,"href":"https:\/\/adhotelskaoprema.com\/en\/wp-json\/wp\/v2\/product_tag?post=6580"}],"curies":[{"name":"wp","href":"https:\/\/api.w.org\/{rel}","templated":true}]}}