{"id":6570,"date":"2024-02-05T10:29:49","date_gmt":"2024-02-05T09:29:49","guid":{"rendered":"https:\/\/adhotelskaoprema.com\/proizvod\/lanena-traka-za-stol-tamno-siva-40-x-200\/"},"modified":"2024-02-05T10:29:57","modified_gmt":"2024-02-05T09:29:57","slug":"lanena-traka-za-stol-tamno-siva-40-x-200","status":"publish","type":"product","link":"https:\/\/adhotelskaoprema.com\/en\/proizvod\/lanena-traka-za-stol-tamno-siva-40-x-200\/","title":{"rendered":"Lanena traka za stol &#8211; tamno siva &#8211; 40 x 200"},"content":{"rendered":"<p>Opis:<br \/>\nDodavanje jedinstvene note va\u0161em stolu mo\u017ee u\u010diniti va\u0161 sredi\u0161nji dio istaknutim &#8211; na\u0161 laneni stolni nosa\u010d je fantasti\u010dan izbor za to. Savr\u0161ena tekstura ru\u010dno izra\u0111enih komada tkanine dat \u0107e vam da\u0161ak prirode na va\u0161em stolu. Odaberite iz \u0161iroke palete jednobojnih traka za idealnu pozivnicu za stol bilo da je rije\u010d o malim okupljanjima ili velikim slavljima kako biste \u017eivot u\u010dinili ljep\u0161im.<br \/>\nDimenzija: 40 x 200<br \/>\nSastav:100% lan, 215 g\/m2<br \/>\nOEKO-TEX\u00ae i EUROPEAN FLAX\u00ae certificirana lanena tkanina.<br \/>\nProizvedeno u Litvi.<\/p>\n<p>Dostupno uz narud\u017ebu, rok isporuke 20 -30 dana.<\/p>\n","protected":false},"excerpt":{"rendered":"<p>Opis: Dodavanje jedinstvene note va\u0161em stolu mo\u017ee u\u010diniti va\u0161 sredi\u0161nji dio istaknutim &#8211; na\u0161 laneni stolni nosa\u010d je fantasti\u010dan izbor za to. Savr\u0161ena tekstura ru\u010dno izra\u0111enih komada tkanine dat \u0107e vam da\u0161ak prirode na va\u0161em stolu. Odaberite iz \u0161iroke palete jednobojnih traka za idealnu pozivnicu za stol bilo da je rije\u010d o malim okupljanjima ili [&hellip;]<\/p>\n","protected":false},"featured_media":2258,"template":"","meta":{"_acf_changed":false},"product_brand":[],"product_cat":[80],"product_tag":[],"class_list":{"0":"post-6570","1":"product","2":"type-product","3":"status-publish","4":"has-post-thumbnail","6":"product_cat-lanene-trake-za-stol","8":"first","9":"onbackorder","10":"sale","11":"taxable","12":"shipping-taxable","13":"purchasable","14":"product-type-simple"},"acf":[],"_links":{"self":[{"href":"https:\/\/adhotelskaoprema.com\/en\/wp-json\/wp\/v2\/product\/6570","targetHints":{"allow":["GET"]}}],"collection":[{"href":"https:\/\/adhotelskaoprema.com\/en\/wp-json\/wp\/v2\/product"}],"about":[{"href":"https:\/\/adhotelskaoprema.com\/en\/wp-json\/wp\/v2\/types\/product"}],"wp:featuredmedia":[{"embeddable":true,"href":"https:\/\/adhotelskaoprema.com\/en\/wp-json\/wp\/v2\/media\/2258"}],"wp:attachment":[{"href":"https:\/\/adhotelskaoprema.com\/en\/wp-json\/wp\/v2\/media?parent=6570"}],"wp:term":[{"taxonomy":"product_brand","embeddable":true,"href":"https:\/\/adhotelskaoprema.com\/en\/wp-json\/wp\/v2\/product_brand?post=6570"},{"taxonomy":"product_cat","embeddable":true,"href":"https:\/\/adhotelskaoprema.com\/en\/wp-json\/wp\/v2\/product_cat?post=6570"},{"taxonomy":"product_tag","embeddable":true,"href":"https:\/\/adhotelskaoprema.com\/en\/wp-json\/wp\/v2\/product_tag?post=6570"}],"curies":[{"name":"wp","href":"https:\/\/api.w.org\/{rel}","templated":true}]}}