{"id":6531,"date":"2024-02-05T10:29:21","date_gmt":"2024-02-05T09:29:21","guid":{"rendered":"https:\/\/adhotelskaoprema.com\/proizvod\/laneni-stolnjak-tamno-sivi-140-x-250\/"},"modified":"2024-02-05T10:29:28","modified_gmt":"2024-02-05T09:29:28","slug":"laneni-stolnjak-tamno-sivi-140-x-250","status":"publish","type":"product","link":"https:\/\/adhotelskaoprema.com\/en\/proizvod\/laneni-stolnjak-tamno-sivi-140-x-250\/","title":{"rendered":"Laneni stolnjak &#8211; tamno sivi &#8211;  140 x 250"},"content":{"rendered":"<p>Opis:<br \/>\nJedan od savr\u0161enih na\u010dina da podignete razinu svog stola je kori\u0161tenje lanenog stolnjaka. To je zabavan na\u010din da va\u0161em stolu dodate svje\u017e, moderan i luksuzan izgled. Osje\u0107ajte se ugodno koristiti ga svaki dan ili za veliku proslavu jer ga  je lako odr\u017eavati. Odaberite prekrasne ru\u010dno izra\u0111ene lanene komade u \u0161irokoj paleti jednobojnih boja kako biste stvorili prekrasne uspomene koje mo\u017eete podijeliti s drugima.<br \/>\nDimenzija: 140 x 250<br \/>\nSastav:100% lan, 215 g\/m2<br \/>\nOEKO-TEX\u00ae i EUROPEAN FLAX\u00ae certificirana lanena tkanina.<br \/>\nProizvedeno u Litvi.<\/p>\n<p>Dostupno uz narud\u017ebu, rok isporuke 20 -30 dana.<\/p>\n","protected":false},"excerpt":{"rendered":"<p>Opis: Jedan od savr\u0161enih na\u010dina da podignete razinu svog stola je kori\u0161tenje lanenog stolnjaka. To je zabavan na\u010din da va\u0161em stolu dodate svje\u017e, moderan i luksuzan izgled. Osje\u0107ajte se ugodno koristiti ga svaki dan ili za veliku proslavu jer ga je lako odr\u017eavati. Odaberite prekrasne ru\u010dno izra\u0111ene lanene komade u \u0161irokoj paleti jednobojnih boja kako [&hellip;]<\/p>\n","protected":false},"featured_media":2208,"template":"","meta":{"_acf_changed":false},"product_brand":[],"product_cat":[79],"product_tag":[],"class_list":{"0":"post-6531","1":"product","2":"type-product","3":"status-publish","4":"has-post-thumbnail","6":"product_cat-laneni-stolnjaci","8":"first","9":"onbackorder","10":"sale","11":"taxable","12":"shipping-taxable","13":"purchasable","14":"product-type-simple"},"acf":[],"_links":{"self":[{"href":"https:\/\/adhotelskaoprema.com\/en\/wp-json\/wp\/v2\/product\/6531","targetHints":{"allow":["GET"]}}],"collection":[{"href":"https:\/\/adhotelskaoprema.com\/en\/wp-json\/wp\/v2\/product"}],"about":[{"href":"https:\/\/adhotelskaoprema.com\/en\/wp-json\/wp\/v2\/types\/product"}],"wp:featuredmedia":[{"embeddable":true,"href":"https:\/\/adhotelskaoprema.com\/en\/wp-json\/wp\/v2\/media\/2208"}],"wp:attachment":[{"href":"https:\/\/adhotelskaoprema.com\/en\/wp-json\/wp\/v2\/media?parent=6531"}],"wp:term":[{"taxonomy":"product_brand","embeddable":true,"href":"https:\/\/adhotelskaoprema.com\/en\/wp-json\/wp\/v2\/product_brand?post=6531"},{"taxonomy":"product_cat","embeddable":true,"href":"https:\/\/adhotelskaoprema.com\/en\/wp-json\/wp\/v2\/product_cat?post=6531"},{"taxonomy":"product_tag","embeddable":true,"href":"https:\/\/adhotelskaoprema.com\/en\/wp-json\/wp\/v2\/product_tag?post=6531"}],"curies":[{"name":"wp","href":"https:\/\/api.w.org\/{rel}","templated":true}]}}