{"id":6494,"date":"2024-02-05T10:28:58","date_gmt":"2024-02-05T09:28:58","guid":{"rendered":"https:\/\/adhotelskaoprema.com\/proizvod\/laneni-ljetni-ogrtac-melange-l-xl-2\/"},"modified":"2025-01-02T15:21:06","modified_gmt":"2025-01-02T14:21:06","slug":"laneni-ljetni-ogrtac-melange-l-xl-2","status":"publish","type":"product","link":"https:\/\/adhotelskaoprema.com\/en\/proizvod\/laneni-ljetni-ogrtac-melange-l-xl-2\/","title":{"rendered":"Laneni ljetni ogrta\u010d &#8211; khaki-  L\/XL"},"content":{"rendered":"<p>Opis:<br \/>\nOdmarajte se sa stilom uz na\u0161 mekani ljetni ku\u0107ni ogrta\u010d. Nevjerojatno ugodan na dodir, savr\u0161en je za no\u0161enje ujutro, nave\u010der ili kad god vam se prohtije. Ve\u0107a duljina, \u0161iri rukavi i lagana tkanina \u010dine ovaj svestrani ogrta\u010d izuzetno nosivim i udobnim.<br \/>\nDimenzija: L \/ XL<br \/>\nSastav: 100% lan, 150 g\/m2<br \/>\nOEKO-TEX\u00ae i EUROPEAN FLAX\u00ae certificirana lanena tkanina.<br \/>\nProizvedeno u Litvi.<\/p>\n<p>Dostupno uz narud\u017ebu, rok isporuke 20 -30 dana.<\/p>\n","protected":false},"excerpt":{"rendered":"<p>||<\/p>\n","protected":false},"featured_media":2161,"template":"","meta":{"_acf_changed":false},"product_brand":[],"product_cat":[78],"product_tag":[],"class_list":{"0":"post-6494","1":"product","2":"type-product","3":"status-publish","4":"has-post-thumbnail","6":"product_cat-laneni-ogrtaci","8":"first","9":"onbackorder","10":"sale","11":"taxable","12":"shipping-taxable","13":"purchasable","14":"product-type-simple"},"acf":[],"_links":{"self":[{"href":"https:\/\/adhotelskaoprema.com\/en\/wp-json\/wp\/v2\/product\/6494","targetHints":{"allow":["GET"]}}],"collection":[{"href":"https:\/\/adhotelskaoprema.com\/en\/wp-json\/wp\/v2\/product"}],"about":[{"href":"https:\/\/adhotelskaoprema.com\/en\/wp-json\/wp\/v2\/types\/product"}],"wp:featuredmedia":[{"embeddable":true,"href":"https:\/\/adhotelskaoprema.com\/en\/wp-json\/wp\/v2\/media\/2161"}],"wp:attachment":[{"href":"https:\/\/adhotelskaoprema.com\/en\/wp-json\/wp\/v2\/media?parent=6494"}],"wp:term":[{"taxonomy":"product_brand","embeddable":true,"href":"https:\/\/adhotelskaoprema.com\/en\/wp-json\/wp\/v2\/product_brand?post=6494"},{"taxonomy":"product_cat","embeddable":true,"href":"https:\/\/adhotelskaoprema.com\/en\/wp-json\/wp\/v2\/product_cat?post=6494"},{"taxonomy":"product_tag","embeddable":true,"href":"https:\/\/adhotelskaoprema.com\/en\/wp-json\/wp\/v2\/product_tag?post=6494"}],"curies":[{"name":"wp","href":"https:\/\/api.w.org\/{rel}","templated":true}]}}