{"id":6480,"date":"2024-02-05T10:28:58","date_gmt":"2024-02-05T09:28:58","guid":{"rendered":"https:\/\/adhotelskaoprema.com\/proizvod\/laneni-waffle-ogrtac-puder-roza-xxl\/"},"modified":"2024-02-05T10:28:59","modified_gmt":"2024-02-05T09:28:59","slug":"laneni-waffle-ogrtac-puder-roza-xxl","status":"publish","type":"product","link":"https:\/\/adhotelskaoprema.com\/en\/proizvod\/laneni-waffle-ogrtac-puder-roza-xxl\/","title":{"rendered":"Laneni Waffle ogrta\u010d &#8211; puder roza &#8211; XXL"},"content":{"rendered":"<p>Opis:<br \/>\nNeka va\u0161e tijelo u\u017eiva u meko\u0107i poput oblaka i nje\u017enoj masa\u017ei koju pru\u017ea na\u0161 ku\u0107ni ogrta\u010d Waffle Lan. Ovaj ogrta\u010d ima predimenzioniran kroj, elegantne d\u017eepove i podesivu vezicu oko struka. Nje\u017ena na dodir, tkanina od mje\u0161avine lana i pamuka tako\u0111er je vrlo upijaju\u0107a, upija vlagu i lako se pere.<br \/>\nOgrta\u010di su prethodno oprani \u0161to im daje ve\u0107e meko\u0107u.<br \/>\nDimenzija: XXL<br \/>\nSastav: 53% lan, 47% pamuk, 215 g\/m2<br \/>\nOEKO-TEX\u00ae i EUROPEAN FLAX\u00ae certificirana lanena tkanina.<br \/>\nProizvedeno u Litvi.<\/p>\n<p>Dostupno uz narud\u017ebu, rok isporuke 20 -30 dana.<\/p>\n","protected":false},"excerpt":{"rendered":"<p>||<\/p>\n","protected":false},"featured_media":2129,"template":"","meta":{"_acf_changed":false},"product_brand":[],"product_cat":[78],"product_tag":[],"class_list":{"0":"post-6480","1":"product","2":"type-product","3":"status-publish","4":"has-post-thumbnail","6":"product_cat-laneni-ogrtaci","8":"first","9":"onbackorder","10":"sale","11":"taxable","12":"shipping-taxable","13":"purchasable","14":"product-type-simple"},"acf":[],"_links":{"self":[{"href":"https:\/\/adhotelskaoprema.com\/en\/wp-json\/wp\/v2\/product\/6480","targetHints":{"allow":["GET"]}}],"collection":[{"href":"https:\/\/adhotelskaoprema.com\/en\/wp-json\/wp\/v2\/product"}],"about":[{"href":"https:\/\/adhotelskaoprema.com\/en\/wp-json\/wp\/v2\/types\/product"}],"wp:featuredmedia":[{"embeddable":true,"href":"https:\/\/adhotelskaoprema.com\/en\/wp-json\/wp\/v2\/media\/2129"}],"wp:attachment":[{"href":"https:\/\/adhotelskaoprema.com\/en\/wp-json\/wp\/v2\/media?parent=6480"}],"wp:term":[{"taxonomy":"product_brand","embeddable":true,"href":"https:\/\/adhotelskaoprema.com\/en\/wp-json\/wp\/v2\/product_brand?post=6480"},{"taxonomy":"product_cat","embeddable":true,"href":"https:\/\/adhotelskaoprema.com\/en\/wp-json\/wp\/v2\/product_cat?post=6480"},{"taxonomy":"product_tag","embeddable":true,"href":"https:\/\/adhotelskaoprema.com\/en\/wp-json\/wp\/v2\/product_tag?post=6480"}],"curies":[{"name":"wp","href":"https:\/\/api.w.org\/{rel}","templated":true}]}}