{"id":6463,"date":"2024-02-05T10:28:46","date_gmt":"2024-02-05T09:28:46","guid":{"rendered":"https:\/\/adhotelskaoprema.com\/proizvod\/laneni-fini-waffle-rucnik-boje-kadulje-30-x-30-4-kom\/"},"modified":"2024-02-05T10:28:49","modified_gmt":"2024-02-05T09:28:49","slug":"laneni-fini-waffle-rucnik-boje-kadulje-30-x-30-4-kom","status":"publish","type":"product","link":"https:\/\/adhotelskaoprema.com\/en\/proizvod\/laneni-fini-waffle-rucnik-boje-kadulje-30-x-30-4-kom\/","title":{"rendered":"Laneni fini Waffle ru\u010dnik &#8211; boje kadulje &#8211; 30 x 30 ( 4 kom )"},"content":{"rendered":"<p>Opis:<br \/>\nPoka\u017eite svojoj ko\u017ei malo ljubavi s na\u0161im finim ru\u010dnikom za kupanje strukture vafla. Delikatna tekstura vafla \u010dini ga mekim i nje\u017enim, a opet vrlo upijaju\u0107im i brzo su\u0161e\u0107im. Zbog prirodnih hipoalergenih svojstava lana, ovaj \u0107e ru\u010dnik cijeniti osobe s osjetljivom ko\u017eom. Savr\u0161en za svakodnevnu upotrebu, izlete na pla\u017eu, teretanu ili ku\u0107ni spa.<br \/>\nRu\u010dnici su prethodno oprani \u0161to im daje ve\u0107e meko\u0107u.<br \/>\nDimenzija: 30 x 30<br \/>\nSastav:100% waffle lan, 200 g\/m2<br \/>\nOEKO-TEX\u00ae i EUROPEAN FLAX\u00ae certificirana lanena tkanina.<br \/>\nProizvedeno u Litvi.<\/p>\n<p>Dostupno uz narud\u017ebu, rok isporuke 20 -30 dana.<\/p>\n","protected":false},"excerpt":{"rendered":"<p>||<\/p>\n","protected":false},"featured_media":2096,"template":"","meta":{"_acf_changed":false},"product_brand":[],"product_cat":[77],"product_tag":[],"class_list":{"0":"post-6463","1":"product","2":"type-product","3":"status-publish","4":"has-post-thumbnail","6":"product_cat-laneni-rucnici","8":"first","9":"onbackorder","10":"sale","11":"taxable","12":"shipping-taxable","13":"purchasable","14":"product-type-simple"},"acf":[],"_links":{"self":[{"href":"https:\/\/adhotelskaoprema.com\/en\/wp-json\/wp\/v2\/product\/6463","targetHints":{"allow":["GET"]}}],"collection":[{"href":"https:\/\/adhotelskaoprema.com\/en\/wp-json\/wp\/v2\/product"}],"about":[{"href":"https:\/\/adhotelskaoprema.com\/en\/wp-json\/wp\/v2\/types\/product"}],"wp:featuredmedia":[{"embeddable":true,"href":"https:\/\/adhotelskaoprema.com\/en\/wp-json\/wp\/v2\/media\/2096"}],"wp:attachment":[{"href":"https:\/\/adhotelskaoprema.com\/en\/wp-json\/wp\/v2\/media?parent=6463"}],"wp:term":[{"taxonomy":"product_brand","embeddable":true,"href":"https:\/\/adhotelskaoprema.com\/en\/wp-json\/wp\/v2\/product_brand?post=6463"},{"taxonomy":"product_cat","embeddable":true,"href":"https:\/\/adhotelskaoprema.com\/en\/wp-json\/wp\/v2\/product_cat?post=6463"},{"taxonomy":"product_tag","embeddable":true,"href":"https:\/\/adhotelskaoprema.com\/en\/wp-json\/wp\/v2\/product_tag?post=6463"}],"curies":[{"name":"wp","href":"https:\/\/api.w.org\/{rel}","templated":true}]}}