{"id":6444,"date":"2024-02-05T10:28:34","date_gmt":"2024-02-05T09:28:34","guid":{"rendered":"https:\/\/adhotelskaoprema.com\/proizvod\/waffle-rucnik-svijetlo-sivi-50-x-70-2-komada\/"},"modified":"2024-02-05T10:28:36","modified_gmt":"2024-02-05T09:28:36","slug":"waffle-rucnik-svijetlo-sivi-50-x-70-2-komada","status":"publish","type":"product","link":"https:\/\/adhotelskaoprema.com\/en\/proizvod\/waffle-rucnik-svijetlo-sivi-50-x-70-2-komada\/","title":{"rendered":"Waffle ru\u010dnik &#8211; svijetlo sivi 50 X 70 ( 2 komada )"},"content":{"rendered":"<p>Opis:<br \/>\nNevjerojatno mekan i voluminozan, na\u0161 Waffle laneni ru\u010dnik pru\u017eit \u0107e vam osje\u0107aj kao u Spa Wellnessu.Ru\u010dno izra\u0111eni od voluminozne tkanine od mje\u0161avine lana i pamuka, ru\u010dnici su vrlo upijaju\u0107i, ali svojstva upijanja vlage osiguravaju da se brzo su\u0161e i dulje ostaju svje\u017ei. Lagani i savr\u0161eni su za putovanje ili odlazak na pla\u017eu. U\u010dinite svoju rutinu samonjege luksuznijom uz mekane i odr\u017eive lanene ru\u010dnike.<br \/>\nRu\u010dnici su prethodno oprani \u0161to im daje ve\u0107e meko\u0107u.<br \/>\nDimenzija: 50 x 70<br \/>\nSastav: 53% lan, 47% pamuk, 215 g\/m2<br \/>\nOEKO-TEX\u00ae i EUROPEAN FLAX\u00ae certificirana lanena tkanina.<br \/>\nProizvedeno u Litvi.<\/p>\n<p>Dostupno uz narud\u017ebu, rok isporuke 20 -30 dana.<\/p>\n","protected":false},"excerpt":{"rendered":"<p>||<\/p>\n","protected":false},"featured_media":2064,"template":"","meta":{"_acf_changed":false},"product_brand":[],"product_cat":[77],"product_tag":[],"class_list":{"0":"post-6444","1":"product","2":"type-product","3":"status-publish","4":"has-post-thumbnail","6":"product_cat-laneni-rucnici","8":"first","9":"onbackorder","10":"sale","11":"taxable","12":"shipping-taxable","13":"purchasable","14":"product-type-simple"},"acf":[],"_links":{"self":[{"href":"https:\/\/adhotelskaoprema.com\/en\/wp-json\/wp\/v2\/product\/6444","targetHints":{"allow":["GET"]}}],"collection":[{"href":"https:\/\/adhotelskaoprema.com\/en\/wp-json\/wp\/v2\/product"}],"about":[{"href":"https:\/\/adhotelskaoprema.com\/en\/wp-json\/wp\/v2\/types\/product"}],"wp:featuredmedia":[{"embeddable":true,"href":"https:\/\/adhotelskaoprema.com\/en\/wp-json\/wp\/v2\/media\/2064"}],"wp:attachment":[{"href":"https:\/\/adhotelskaoprema.com\/en\/wp-json\/wp\/v2\/media?parent=6444"}],"wp:term":[{"taxonomy":"product_brand","embeddable":true,"href":"https:\/\/adhotelskaoprema.com\/en\/wp-json\/wp\/v2\/product_brand?post=6444"},{"taxonomy":"product_cat","embeddable":true,"href":"https:\/\/adhotelskaoprema.com\/en\/wp-json\/wp\/v2\/product_cat?post=6444"},{"taxonomy":"product_tag","embeddable":true,"href":"https:\/\/adhotelskaoprema.com\/en\/wp-json\/wp\/v2\/product_tag?post=6444"}],"curies":[{"name":"wp","href":"https:\/\/api.w.org\/{rel}","templated":true}]}}