{"id":6400,"date":"2024-02-05T10:28:08","date_gmt":"2024-02-05T09:28:08","guid":{"rendered":"https:\/\/adhotelskaoprema.com\/proizvod\/premium-rucnik-za-tijelo-linija-1-fog-70-x-140-cm-2-komada\/"},"modified":"2025-01-09T13:43:57","modified_gmt":"2025-01-09T12:43:57","slug":"premium-rucnik-za-tijelo-linija-1-fog-70-x-140-cm-2-komada","status":"publish","type":"product","link":"https:\/\/adhotelskaoprema.com\/en\/proizvod\/premium-rucnik-za-tijelo-linija-1-fog-70-x-140-cm-2-komada\/","title":{"rendered":"Premium ru\u010dnik za tijelo LINIJA 1- Fog &#8211; 70 x 140 cm (2 komada)"},"content":{"rendered":"<p>Opis:<br \/>\n100% egipatski pamuk GIZA ELS, tekstilna tkanina visoke gusto\u0107e, 800 g\/m2, dostupan u \u0161irokom rasponu boja. Zaobljeni kutovi i dvostruko \u0161ivanje za dodatnu otpornost, prethodno oprano i skupljeno za ve\u0107e upijanje i meko\u0107u.<\/p>\n<p>Dimenzija: 70 x 140 cm, fog boje.<br \/>\nDostupno uz narud\u017ebu, rok isporuke 20 -30 dana.<\/p>\n","protected":false},"excerpt":{"rendered":"<p>||<\/p>\n","protected":false},"featured_media":1988,"template":"","meta":{"_acf_changed":false},"product_brand":[],"product_cat":[138],"product_tag":[],"class_list":{"0":"post-6400","1":"product","2":"type-product","3":"status-publish","4":"has-post-thumbnail","6":"product_cat-premium-rucnici-linija-1","8":"first","9":"onbackorder","10":"taxable","11":"shipping-taxable","12":"purchasable","13":"product-type-simple"},"acf":[],"_links":{"self":[{"href":"https:\/\/adhotelskaoprema.com\/en\/wp-json\/wp\/v2\/product\/6400","targetHints":{"allow":["GET"]}}],"collection":[{"href":"https:\/\/adhotelskaoprema.com\/en\/wp-json\/wp\/v2\/product"}],"about":[{"href":"https:\/\/adhotelskaoprema.com\/en\/wp-json\/wp\/v2\/types\/product"}],"wp:featuredmedia":[{"embeddable":true,"href":"https:\/\/adhotelskaoprema.com\/en\/wp-json\/wp\/v2\/media\/1988"}],"wp:attachment":[{"href":"https:\/\/adhotelskaoprema.com\/en\/wp-json\/wp\/v2\/media?parent=6400"}],"wp:term":[{"taxonomy":"product_brand","embeddable":true,"href":"https:\/\/adhotelskaoprema.com\/en\/wp-json\/wp\/v2\/product_brand?post=6400"},{"taxonomy":"product_cat","embeddable":true,"href":"https:\/\/adhotelskaoprema.com\/en\/wp-json\/wp\/v2\/product_cat?post=6400"},{"taxonomy":"product_tag","embeddable":true,"href":"https:\/\/adhotelskaoprema.com\/en\/wp-json\/wp\/v2\/product_tag?post=6400"}],"curies":[{"name":"wp","href":"https:\/\/api.w.org\/{rel}","templated":true}]}}