{"id":6373,"date":"2024-02-05T10:27:42","date_gmt":"2024-02-05T09:27:42","guid":{"rendered":"https:\/\/adhotelskaoprema.com\/proizvod\/premium-rucnik-linija-8-70-x-140-cm-2-komada\/"},"modified":"2025-01-09T13:59:21","modified_gmt":"2025-01-09T12:59:21","slug":"premium-rucnik-linija-8-70-x-140-cm-2-komada","status":"publish","type":"product","link":"https:\/\/adhotelskaoprema.com\/en\/proizvod\/premium-rucnik-linija-8-70-x-140-cm-2-komada\/","title":{"rendered":"Premium ru\u010dnik LINIJA 8 &#8211; 70 x 140 cm (2 komada)"},"content":{"rendered":"<p>Opis:<br \/>\nBez sastojaka \u017eivotinjskog podrijetla koji se koriste u procesu proizvodnje, na\u0161a Vegan kolekcija savr\u0161ena je kombinacija odr\u017eivosti i udobnosti. Certificiran s V-oznakom, ovaj ru\u010dnik pru\u017ea istu kvalitetu kao i svi premium ru\u010dnici ali s prijateljskim doprinosom okoli\u0161u. Izra\u0111en od 100% pamuka, 450 g\/m2.<br \/>\nBijele boje.<br \/>\nDimenzije 70 x 140.<\/p>\n<p>Dostupno uz narud\u017ebu, rok isporuke 20 -30 dana.<\/p>\n","protected":false},"excerpt":{"rendered":"<p>||<\/p>\n","protected":false},"featured_media":1937,"template":"","meta":{"_acf_changed":false},"product_brand":[],"product_cat":[148],"product_tag":[],"class_list":{"0":"post-6373","1":"product","2":"type-product","3":"status-publish","4":"has-post-thumbnail","6":"product_cat-premium-rucnici-linija-8","8":"first","9":"onbackorder","10":"taxable","11":"shipping-taxable","12":"purchasable","13":"product-type-simple"},"acf":[],"_links":{"self":[{"href":"https:\/\/adhotelskaoprema.com\/en\/wp-json\/wp\/v2\/product\/6373","targetHints":{"allow":["GET"]}}],"collection":[{"href":"https:\/\/adhotelskaoprema.com\/en\/wp-json\/wp\/v2\/product"}],"about":[{"href":"https:\/\/adhotelskaoprema.com\/en\/wp-json\/wp\/v2\/types\/product"}],"wp:featuredmedia":[{"embeddable":true,"href":"https:\/\/adhotelskaoprema.com\/en\/wp-json\/wp\/v2\/media\/1937"}],"wp:attachment":[{"href":"https:\/\/adhotelskaoprema.com\/en\/wp-json\/wp\/v2\/media?parent=6373"}],"wp:term":[{"taxonomy":"product_brand","embeddable":true,"href":"https:\/\/adhotelskaoprema.com\/en\/wp-json\/wp\/v2\/product_brand?post=6373"},{"taxonomy":"product_cat","embeddable":true,"href":"https:\/\/adhotelskaoprema.com\/en\/wp-json\/wp\/v2\/product_cat?post=6373"},{"taxonomy":"product_tag","embeddable":true,"href":"https:\/\/adhotelskaoprema.com\/en\/wp-json\/wp\/v2\/product_tag?post=6373"}],"curies":[{"name":"wp","href":"https:\/\/api.w.org\/{rel}","templated":true}]}}