{"id":6334,"date":"2024-02-05T10:27:14","date_gmt":"2024-02-05T09:27:14","guid":{"rendered":"https:\/\/adhotelskaoprema.com\/proizvod\/miris-za-difuzor-bitter-almond\/"},"modified":"2024-12-02T14:00:26","modified_gmt":"2024-12-02T13:00:26","slug":"miris-za-difuzor-bitter-almond","status":"publish","type":"product","link":"https:\/\/adhotelskaoprema.com\/en\/proizvod\/miris-za-difuzor-bitter-almond\/","title":{"rendered":"MIRIS ZA DIFUZOR &#8211; BITTER ALMOND"},"content":{"rendered":"<p>Opis:<br \/>\nIdealna harmoni\u010dna kombinacija gorkog badema, maraskina, \u010dokolade i mo\u0161usa ostavit \u0107e vam izvrstan okus.<\/p>\n<p>Rok isporuke: 20 &#8211; 30 dana. <\/p>\n<p>Zemlja porijekla: Gr\u010dka<\/p>\n","protected":false},"excerpt":{"rendered":"<p>|<\/p>\n","protected":false},"featured_media":1836,"template":"","meta":{"_acf_changed":false},"product_brand":[],"product_cat":[311],"product_tag":[],"class_list":{"0":"post-6334","1":"product","2":"type-product","3":"status-publish","4":"has-post-thumbnail","6":"product_cat-mirisi-za-difuzor","8":"first","9":"outofstock","10":"taxable","11":"shipping-taxable","12":"purchasable","13":"product-type-simple"},"acf":[],"_links":{"self":[{"href":"https:\/\/adhotelskaoprema.com\/en\/wp-json\/wp\/v2\/product\/6334","targetHints":{"allow":["GET"]}}],"collection":[{"href":"https:\/\/adhotelskaoprema.com\/en\/wp-json\/wp\/v2\/product"}],"about":[{"href":"https:\/\/adhotelskaoprema.com\/en\/wp-json\/wp\/v2\/types\/product"}],"wp:featuredmedia":[{"embeddable":true,"href":"https:\/\/adhotelskaoprema.com\/en\/wp-json\/wp\/v2\/media\/1836"}],"wp:attachment":[{"href":"https:\/\/adhotelskaoprema.com\/en\/wp-json\/wp\/v2\/media?parent=6334"}],"wp:term":[{"taxonomy":"product_brand","embeddable":true,"href":"https:\/\/adhotelskaoprema.com\/en\/wp-json\/wp\/v2\/product_brand?post=6334"},{"taxonomy":"product_cat","embeddable":true,"href":"https:\/\/adhotelskaoprema.com\/en\/wp-json\/wp\/v2\/product_cat?post=6334"},{"taxonomy":"product_tag","embeddable":true,"href":"https:\/\/adhotelskaoprema.com\/en\/wp-json\/wp\/v2\/product_tag?post=6334"}],"curies":[{"name":"wp","href":"https:\/\/api.w.org\/{rel}","templated":true}]}}