{"id":6314,"date":"2024-02-05T10:26:59","date_gmt":"2024-02-05T09:26:59","guid":{"rendered":"https:\/\/adhotelskaoprema.com\/proizvod\/miris-za-difuzor-orange\/"},"modified":"2024-12-02T14:04:04","modified_gmt":"2024-12-02T13:04:04","slug":"miris-za-difuzor-orange","status":"publish","type":"product","link":"https:\/\/adhotelskaoprema.com\/en\/proizvod\/miris-za-difuzor-orange\/","title":{"rendered":"MIRIS ZA DIFUZOR &#8211; ORANGE"},"content":{"rendered":"<p>Opis:<br \/>\nSvje\u017ee rezani sokovi od naran\u010de koji uta\u017euju va\u0161u \u017ee\u0111 u proljetno jutro u kojem udi\u0161ete samo jedinstveni ljetni zov cvjetova naran\u010de.<\/p>\n<p>Rok isporuke: 20 &#8211; 30 dana. <\/p>\n<p>Zemlja porijekla: Gr\u010dka<\/p>\n","protected":false},"excerpt":{"rendered":"<p>|<\/p>\n","protected":false},"featured_media":1776,"template":"","meta":{"_acf_changed":false},"product_brand":[],"product_cat":[311],"product_tag":[],"class_list":{"0":"post-6314","1":"product","2":"type-product","3":"status-publish","4":"has-post-thumbnail","6":"product_cat-mirisi-za-difuzor","8":"first","9":"outofstock","10":"taxable","11":"shipping-taxable","12":"purchasable","13":"product-type-simple"},"acf":[],"_links":{"self":[{"href":"https:\/\/adhotelskaoprema.com\/en\/wp-json\/wp\/v2\/product\/6314","targetHints":{"allow":["GET"]}}],"collection":[{"href":"https:\/\/adhotelskaoprema.com\/en\/wp-json\/wp\/v2\/product"}],"about":[{"href":"https:\/\/adhotelskaoprema.com\/en\/wp-json\/wp\/v2\/types\/product"}],"wp:featuredmedia":[{"embeddable":true,"href":"https:\/\/adhotelskaoprema.com\/en\/wp-json\/wp\/v2\/media\/1776"}],"wp:attachment":[{"href":"https:\/\/adhotelskaoprema.com\/en\/wp-json\/wp\/v2\/media?parent=6314"}],"wp:term":[{"taxonomy":"product_brand","embeddable":true,"href":"https:\/\/adhotelskaoprema.com\/en\/wp-json\/wp\/v2\/product_brand?post=6314"},{"taxonomy":"product_cat","embeddable":true,"href":"https:\/\/adhotelskaoprema.com\/en\/wp-json\/wp\/v2\/product_cat?post=6314"},{"taxonomy":"product_tag","embeddable":true,"href":"https:\/\/adhotelskaoprema.com\/en\/wp-json\/wp\/v2\/product_tag?post=6314"}],"curies":[{"name":"wp","href":"https:\/\/api.w.org\/{rel}","templated":true}]}}