{"id":6296,"date":"2024-02-05T10:26:43","date_gmt":"2024-02-05T09:26:43","guid":{"rendered":"https:\/\/adhotelskaoprema.com\/proizvod\/miris-za-difuzor-unforgetable\/"},"modified":"2024-12-02T14:11:12","modified_gmt":"2024-12-02T13:11:12","slug":"miris-za-difuzor-unforgetable","status":"publish","type":"product","link":"https:\/\/adhotelskaoprema.com\/en\/proizvod\/miris-za-difuzor-unforgetable\/","title":{"rendered":"MIRIS ZA DIFUZOR &#8211; UNFORGETABLE"},"content":{"rendered":"<p>Opis:<br \/>\nCitrusne note, pepermint, cvjetne note, cimet, naznake plave ko\u017ee i bijelog drve\u0107a stapaju se u parfem koji nikada ne\u0107ete zaboraviti!<\/p>\n<p>Rok isporuke:20 &#8211; 39 dana.  <\/p>\n<p>Zemlja porijekla: Gr\u010dka<\/p>\n","protected":false},"excerpt":{"rendered":"<p>|<\/p>\n","protected":false},"featured_media":1722,"template":"","meta":{"_acf_changed":false},"product_brand":[],"product_cat":[311],"product_tag":[],"class_list":{"0":"post-6296","1":"product","2":"type-product","3":"status-publish","4":"has-post-thumbnail","6":"product_cat-mirisi-za-difuzor","8":"first","9":"outofstock","10":"taxable","11":"shipping-taxable","12":"purchasable","13":"product-type-simple"},"acf":[],"_links":{"self":[{"href":"https:\/\/adhotelskaoprema.com\/en\/wp-json\/wp\/v2\/product\/6296","targetHints":{"allow":["GET"]}}],"collection":[{"href":"https:\/\/adhotelskaoprema.com\/en\/wp-json\/wp\/v2\/product"}],"about":[{"href":"https:\/\/adhotelskaoprema.com\/en\/wp-json\/wp\/v2\/types\/product"}],"wp:featuredmedia":[{"embeddable":true,"href":"https:\/\/adhotelskaoprema.com\/en\/wp-json\/wp\/v2\/media\/1722"}],"wp:attachment":[{"href":"https:\/\/adhotelskaoprema.com\/en\/wp-json\/wp\/v2\/media?parent=6296"}],"wp:term":[{"taxonomy":"product_brand","embeddable":true,"href":"https:\/\/adhotelskaoprema.com\/en\/wp-json\/wp\/v2\/product_brand?post=6296"},{"taxonomy":"product_cat","embeddable":true,"href":"https:\/\/adhotelskaoprema.com\/en\/wp-json\/wp\/v2\/product_cat?post=6296"},{"taxonomy":"product_tag","embeddable":true,"href":"https:\/\/adhotelskaoprema.com\/en\/wp-json\/wp\/v2\/product_tag?post=6296"}],"curies":[{"name":"wp","href":"https:\/\/api.w.org\/{rel}","templated":true}]}}