{"id":6294,"date":"2024-02-05T10:26:43","date_gmt":"2024-02-05T09:26:43","guid":{"rendered":"https:\/\/adhotelskaoprema.com\/proizvod\/miris-za-difuzor-adventure\/"},"modified":"2024-12-02T14:11:35","modified_gmt":"2024-12-02T13:11:35","slug":"miris-za-difuzor-adventure","status":"publish","type":"product","link":"https:\/\/adhotelskaoprema.com\/en\/proizvod\/miris-za-difuzor-adventure\/","title":{"rendered":"MIRIS ZA DIFUZOR &#8211; ADVENTURE"},"content":{"rendered":"<p>Opis:<br \/>\nMiris crne ko\u017ee, jantara i pa\u010dulija, pomije\u0161an s nizom vo\u0107a poput ru\u017ei\u010dastih bobica i jabuke mo\u017ee vas odvesti u najbolje krajolike u va\u0161em umu.<\/p>\n<p>Rok isporuke: 7 &#8211; 14 dana. <\/p>\n<p>Zemlja porijekla: Gr\u010dka<\/p>\n","protected":false},"excerpt":{"rendered":"<p>|<\/p>\n","protected":false},"featured_media":1716,"template":"","meta":{"_acf_changed":false},"product_brand":[],"product_cat":[311],"product_tag":[],"class_list":{"0":"post-6294","1":"product","2":"type-product","3":"status-publish","4":"has-post-thumbnail","6":"product_cat-mirisi-za-difuzor","8":"first","9":"outofstock","10":"taxable","11":"shipping-taxable","12":"purchasable","13":"product-type-simple"},"acf":[],"_links":{"self":[{"href":"https:\/\/adhotelskaoprema.com\/en\/wp-json\/wp\/v2\/product\/6294","targetHints":{"allow":["GET"]}}],"collection":[{"href":"https:\/\/adhotelskaoprema.com\/en\/wp-json\/wp\/v2\/product"}],"about":[{"href":"https:\/\/adhotelskaoprema.com\/en\/wp-json\/wp\/v2\/types\/product"}],"wp:featuredmedia":[{"embeddable":true,"href":"https:\/\/adhotelskaoprema.com\/en\/wp-json\/wp\/v2\/media\/1716"}],"wp:attachment":[{"href":"https:\/\/adhotelskaoprema.com\/en\/wp-json\/wp\/v2\/media?parent=6294"}],"wp:term":[{"taxonomy":"product_brand","embeddable":true,"href":"https:\/\/adhotelskaoprema.com\/en\/wp-json\/wp\/v2\/product_brand?post=6294"},{"taxonomy":"product_cat","embeddable":true,"href":"https:\/\/adhotelskaoprema.com\/en\/wp-json\/wp\/v2\/product_cat?post=6294"},{"taxonomy":"product_tag","embeddable":true,"href":"https:\/\/adhotelskaoprema.com\/en\/wp-json\/wp\/v2\/product_tag?post=6294"}],"curies":[{"name":"wp","href":"https:\/\/api.w.org\/{rel}","templated":true}]}}