{"id":6287,"date":"2024-02-05T10:26:43","date_gmt":"2024-02-05T09:26:43","guid":{"rendered":"https:\/\/adhotelskaoprema.com\/proizvod\/miris-za-difuzor-french-baguette\/"},"modified":"2024-12-02T14:09:35","modified_gmt":"2024-12-02T13:09:35","slug":"miris-za-difuzor-french-baguette","status":"publish","type":"product","link":"https:\/\/adhotelskaoprema.com\/en\/proizvod\/miris-za-difuzor-french-baguette\/","title":{"rendered":"MIRIS ZA DIFUZOR &#8211; FRENCH BAGUETTE"},"content":{"rendered":"<p>Opis:<br \/>\nMiris svje\u017ee pe\u010denog kruha kojem nitko ne mo\u017ee odoljeti fla\u0161irano posebno za va\u0161u dijetu, a ne da jedete samo da miri\u0161ete.<\/p>\n<p>Rok isporuke:20 &#8211; 39 dana. <\/p>\n<p>Zemlja porijekla: Gr\u010dka<\/p>\n","protected":false},"excerpt":{"rendered":"<p>|<\/p>\n","protected":false},"featured_media":1695,"template":"","meta":{"_acf_changed":false},"product_brand":[],"product_cat":[311],"product_tag":[],"class_list":{"0":"post-6287","1":"product","2":"type-product","3":"status-publish","4":"has-post-thumbnail","6":"product_cat-mirisi-za-difuzor","8":"first","9":"outofstock","10":"taxable","11":"shipping-taxable","12":"purchasable","13":"product-type-simple"},"acf":[],"_links":{"self":[{"href":"https:\/\/adhotelskaoprema.com\/en\/wp-json\/wp\/v2\/product\/6287","targetHints":{"allow":["GET"]}}],"collection":[{"href":"https:\/\/adhotelskaoprema.com\/en\/wp-json\/wp\/v2\/product"}],"about":[{"href":"https:\/\/adhotelskaoprema.com\/en\/wp-json\/wp\/v2\/types\/product"}],"wp:featuredmedia":[{"embeddable":true,"href":"https:\/\/adhotelskaoprema.com\/en\/wp-json\/wp\/v2\/media\/1695"}],"wp:attachment":[{"href":"https:\/\/adhotelskaoprema.com\/en\/wp-json\/wp\/v2\/media?parent=6287"}],"wp:term":[{"taxonomy":"product_brand","embeddable":true,"href":"https:\/\/adhotelskaoprema.com\/en\/wp-json\/wp\/v2\/product_brand?post=6287"},{"taxonomy":"product_cat","embeddable":true,"href":"https:\/\/adhotelskaoprema.com\/en\/wp-json\/wp\/v2\/product_cat?post=6287"},{"taxonomy":"product_tag","embeddable":true,"href":"https:\/\/adhotelskaoprema.com\/en\/wp-json\/wp\/v2\/product_tag?post=6287"}],"curies":[{"name":"wp","href":"https:\/\/api.w.org\/{rel}","templated":true}]}}