{"id":6245,"date":"2024-02-05T10:26:13","date_gmt":"2024-02-05T09:26:13","guid":{"rendered":"https:\/\/adhotelskaoprema.com\/proizvod\/mirisni-difuzor-crni\/"},"modified":"2024-07-28T17:14:03","modified_gmt":"2024-07-28T15:14:03","slug":"mirisni-difuzor-crni","status":"publish","type":"product","link":"https:\/\/adhotelskaoprema.com\/en\/proizvod\/mirisni-difuzor-crni\/","title":{"rendered":"MIRISNI DIFUZOR &#8211; CRNI"},"content":{"rendered":"<p>Smart Air mini jedinstveni je revolucionarni, visokoestetski ure\u0111aj koji radi digitalno. Mo\u017ee aromatizirati svaku vrstu profesionalnog podru\u010dja, zahvaljuju\u0107i velikom izboru parfema. Malen, moderan i vrlo sna\u017ean, ima ogromne mogu\u0107nosti dezodoracije i osvje\u017eenja zraka. Etablirao se na me\u0111unarodnom tr\u017ei\u0161tu zahvaljuju\u0107i svojoj modernoj tehnolo\u0161koj funkciji koja ure\u0111aju daje jedinstvenu fleksibilnost u prilagodbi i beskrajne mogu\u0107nosti izbora. Funkcija prskanja mo\u017ee se prilagoditi prema \u017eelji. Mo\u017ee se prilagoditi za rad na sat, tjedan ili mjesec. Postupak se mo\u017ee pojednostaviti odabirom izme\u0111u unaprijed instaliranih programa &#8220;spremnih za kori\u0161tenje&#8221;. Smart Air Mini nudi 22, a novi smARTair nudi 29 unaprijed instaliranih programa &#8220;spremnih za kori\u0161tenje&#8221;. To je vrlo ekonomi\u010dan ure\u0111aj u smislu vijeka trajanja baterija u usporedbi s uobi\u010dajenim ure\u0111ajima. Ovaj aparat kombinira visoki estetski dizajn s malom veli\u010dinom, \u0161to ga \u010dini najprikladnijim za moderna profesionalna mjesta.<\/p>\n<p>SPRING AIR pru\u017ea SPRING AIR svojim kupcima nudi niz izbora koji odgovaraju njihovim stilovima.<\/p>\n<p>Smart Air Mini redizajnirani paket nudi vam mnoge prednosti osim svoje estetike, ali<br \/>\nnajva\u017enija to\u010dka koja je jednostavna za kori\u0161tenje je novi dodani &#8220;QR CODE&#8221;. Skeniranjem QR koda svojim<br \/>\ntelefon mo\u017eete izravno spojiti na &#8220;Upute za rad&#8221; u samo jednoj sekundi.<\/p>\n<p>Smart Air Mini dostupan je u 4 boje: bijela &#8211; inox \u2013 crna \u2013 zlatna.<br \/>\nDIMENZIJE: 8.5 cm \u0161irina x 21 cm visina. Baterije ( 2 kom AA SIZE ) ne dolaze uz proizvod.<br \/>\nTehnologija protiv kra\u0111e mirsa.<\/p>\n","protected":false},"excerpt":{"rendered":"<p>Smart Air mini jedinstveni je revolucionarni, visokoestetski ure\u0111aj koji radi digitalno. Mo\u017ee aromatizirati svaku vrstu profesionalnog podru\u010dja, zahvaljuju\u0107i velikom izboru parfema. Malen, moderan i vrlo sna\u017ean, ima ogromne mogu\u0107nosti dezodoracije i osvje\u017eenja zraka. Etablirao se na me\u0111unarodnom tr\u017ei\u0161tu zahvaljuju\u0107i svojoj modernoj tehnolo\u0161koj funkciji koja ure\u0111aju daje jedinstvenu fleksibilnost u prilagodbi i beskrajne mogu\u0107nosti izbora. Funkcija [&hellip;]<\/p>\n","protected":false},"featured_media":1584,"template":"","meta":{"_acf_changed":false},"product_brand":[],"product_cat":[75],"product_tag":[],"class_list":{"0":"post-6245","1":"product","2":"type-product","3":"status-publish","4":"has-post-thumbnail","6":"product_cat-mirisni-difuzori-za-interijere","8":"first","9":"outofstock","10":"taxable","11":"shipping-taxable","12":"purchasable","13":"product-type-simple"},"acf":[],"_links":{"self":[{"href":"https:\/\/adhotelskaoprema.com\/en\/wp-json\/wp\/v2\/product\/6245","targetHints":{"allow":["GET"]}}],"collection":[{"href":"https:\/\/adhotelskaoprema.com\/en\/wp-json\/wp\/v2\/product"}],"about":[{"href":"https:\/\/adhotelskaoprema.com\/en\/wp-json\/wp\/v2\/types\/product"}],"wp:featuredmedia":[{"embeddable":true,"href":"https:\/\/adhotelskaoprema.com\/en\/wp-json\/wp\/v2\/media\/1584"}],"wp:attachment":[{"href":"https:\/\/adhotelskaoprema.com\/en\/wp-json\/wp\/v2\/media?parent=6245"}],"wp:term":[{"taxonomy":"product_brand","embeddable":true,"href":"https:\/\/adhotelskaoprema.com\/en\/wp-json\/wp\/v2\/product_brand?post=6245"},{"taxonomy":"product_cat","embeddable":true,"href":"https:\/\/adhotelskaoprema.com\/en\/wp-json\/wp\/v2\/product_cat?post=6245"},{"taxonomy":"product_tag","embeddable":true,"href":"https:\/\/adhotelskaoprema.com\/en\/wp-json\/wp\/v2\/product_tag?post=6245"}],"curies":[{"name":"wp","href":"https:\/\/api.w.org\/{rel}","templated":true}]}}