{"id":6236,"date":"2024-02-05T10:25:58","date_gmt":"2024-02-05T09:25:58","guid":{"rendered":"https:\/\/adhotelskaoprema.com\/proizvod\/rucnik-za-plazu-isla-baltic-family\/"},"modified":"2025-01-09T13:58:09","modified_gmt":"2025-01-09T12:58:09","slug":"rucnik-za-plazu-isla-baltic-family","status":"publish","type":"product","link":"https:\/\/adhotelskaoprema.com\/en\/proizvod\/rucnik-za-plazu-isla-baltic-family\/","title":{"rendered":"Ru\u010dnik za pla\u017eu Isla Baltic Family"},"content":{"rendered":"<p>Opis:<br \/>\nNajbolji Hamman ru\u010dnik za pla\u017eu na svijetu: super lagan, izra\u0111en od 100% mekanog pamuka, jednostavan za no\u0161enje i nevjerojatno udoban. S jednom stranom izra\u0111enom od frotira, jam\u010di izvrsnu sposobnost upijanja.<\/p>\n<p>Dimenzije: 180 x 180 cm<br \/>\nDostupno uz narud\u017ebu, rok isporuke 20 -30 dana.<\/p>\n","protected":false},"excerpt":{"rendered":"<p>Opis: Najbolji Hamman ru\u010dnik za pla\u017eu na svijetu: super lagan, izra\u0111en od 100% mekanog pamuka, jednostavan za no\u0161enje i nevjerojatno udoban. S jednom stranom izra\u0111enom od frotira, jam\u010di izvrsnu sposobnost upijanja. Dimenzije: 180 x 180 cm Dostupno uz narud\u017ebu, rok isporuke 20 -30 dana.<\/p>\n","protected":false},"featured_media":1564,"template":"","meta":{"_acf_changed":false},"product_brand":[],"product_cat":[145],"product_tag":[],"class_list":{"0":"post-6236","1":"product","2":"type-product","3":"status-publish","4":"has-post-thumbnail","6":"product_cat-hotelski-rucnici-za-plazu-i-bazen-premium","8":"first","9":"onbackorder","10":"taxable","11":"shipping-taxable","12":"purchasable","13":"product-type-simple"},"acf":[],"_links":{"self":[{"href":"https:\/\/adhotelskaoprema.com\/en\/wp-json\/wp\/v2\/product\/6236","targetHints":{"allow":["GET"]}}],"collection":[{"href":"https:\/\/adhotelskaoprema.com\/en\/wp-json\/wp\/v2\/product"}],"about":[{"href":"https:\/\/adhotelskaoprema.com\/en\/wp-json\/wp\/v2\/types\/product"}],"wp:featuredmedia":[{"embeddable":true,"href":"https:\/\/adhotelskaoprema.com\/en\/wp-json\/wp\/v2\/media\/1564"}],"wp:attachment":[{"href":"https:\/\/adhotelskaoprema.com\/en\/wp-json\/wp\/v2\/media?parent=6236"}],"wp:term":[{"taxonomy":"product_brand","embeddable":true,"href":"https:\/\/adhotelskaoprema.com\/en\/wp-json\/wp\/v2\/product_brand?post=6236"},{"taxonomy":"product_cat","embeddable":true,"href":"https:\/\/adhotelskaoprema.com\/en\/wp-json\/wp\/v2\/product_cat?post=6236"},{"taxonomy":"product_tag","embeddable":true,"href":"https:\/\/adhotelskaoprema.com\/en\/wp-json\/wp\/v2\/product_tag?post=6236"}],"curies":[{"name":"wp","href":"https:\/\/api.w.org\/{rel}","templated":true}]}}