{"id":6215,"date":"2024-02-05T10:25:46","date_gmt":"2024-02-05T09:25:46","guid":{"rendered":"https:\/\/adhotelskaoprema.com\/proizvod\/rucnik-za-plazu-f-oxford\/"},"modified":"2025-01-09T13:58:13","modified_gmt":"2025-01-09T12:58:13","slug":"rucnik-za-plazu-f-oxford","status":"publish","type":"product","link":"https:\/\/adhotelskaoprema.com\/en\/proizvod\/rucnik-za-plazu-f-oxford\/","title":{"rendered":"Ru\u010dnik za pla\u017eu F Oxford"},"content":{"rendered":"<p>Opis:<br \/>\nLagani, mekani, upijaju\u0107i i originalnog dizajna, ovaj ru\u010dnik proizveden je tie-dye tehnikom, \u0161to rezultira unikatnim ru\u010dnicima, napravljen od 100% mekanog pamuka. Dizajniran i proizveden u Portugalu.<\/p>\n<p>Dimenzija: 85&#215;175 cm.<br \/>\nDostupno uz narud\u017ebu, rok isporuke 20 -30 dana.<\/p>\n","protected":false},"excerpt":{"rendered":"<p>Opis: Lagani, mekani, upijaju\u0107i i originalnog dizajna, ovaj ru\u010dnik proizveden je tie-dye tehnikom, \u0161to rezultira unikatnim ru\u010dnicima, napravljen od 100% mekanog pamuka. Dizajniran i proizveden u Portugalu. Dimenzija: 85&#215;175 cm. Dostupno uz narud\u017ebu, rok isporuke 20 -30 dana.<\/p>\n","protected":false},"featured_media":1517,"template":"","meta":{"_acf_changed":false},"product_brand":[],"product_cat":[145],"product_tag":[],"class_list":{"0":"post-6215","1":"product","2":"type-product","3":"status-publish","4":"has-post-thumbnail","6":"product_cat-hotelski-rucnici-za-plazu-i-bazen-premium","8":"first","9":"onbackorder","10":"taxable","11":"shipping-taxable","12":"purchasable","13":"product-type-simple"},"acf":[],"_links":{"self":[{"href":"https:\/\/adhotelskaoprema.com\/en\/wp-json\/wp\/v2\/product\/6215","targetHints":{"allow":["GET"]}}],"collection":[{"href":"https:\/\/adhotelskaoprema.com\/en\/wp-json\/wp\/v2\/product"}],"about":[{"href":"https:\/\/adhotelskaoprema.com\/en\/wp-json\/wp\/v2\/types\/product"}],"wp:featuredmedia":[{"embeddable":true,"href":"https:\/\/adhotelskaoprema.com\/en\/wp-json\/wp\/v2\/media\/1517"}],"wp:attachment":[{"href":"https:\/\/adhotelskaoprema.com\/en\/wp-json\/wp\/v2\/media?parent=6215"}],"wp:term":[{"taxonomy":"product_brand","embeddable":true,"href":"https:\/\/adhotelskaoprema.com\/en\/wp-json\/wp\/v2\/product_brand?post=6215"},{"taxonomy":"product_cat","embeddable":true,"href":"https:\/\/adhotelskaoprema.com\/en\/wp-json\/wp\/v2\/product_cat?post=6215"},{"taxonomy":"product_tag","embeddable":true,"href":"https:\/\/adhotelskaoprema.com\/en\/wp-json\/wp\/v2\/product_tag?post=6215"}],"curies":[{"name":"wp","href":"https:\/\/api.w.org\/{rel}","templated":true}]}}