{"id":6211,"date":"2024-02-05T10:25:46","date_gmt":"2024-02-05T09:25:46","guid":{"rendered":"https:\/\/adhotelskaoprema.com\/proizvod\/rucnik-za-plazu-cn-grey-90-x-180-cm\/"},"modified":"2025-01-09T13:58:12","modified_gmt":"2025-01-09T12:58:12","slug":"rucnik-za-plazu-cn-grey-90-x-180-cm","status":"publish","type":"product","link":"https:\/\/adhotelskaoprema.com\/en\/proizvod\/rucnik-za-plazu-cn-grey-90-x-180-cm\/","title":{"rendered":"Ru\u010dnik za pla\u017eu CN Grey  90 x 180 cm"},"content":{"rendered":"<p>Opis:<br \/>\nSavr\u0161en hamman ru\u010dnik za pla\u017eu: super lagan, jednostavan za no\u0161enje i nevjerojatno udoban, 100% mekani pamuk.<\/p>\n<p>Dimenzije: 90&#215;180 cm.<br \/>\nDostupno uz narud\u017ebu, rok isporuke 20 -30 dana.<\/p>\n","protected":false},"excerpt":{"rendered":"<p>Opis: Savr\u0161en hamman ru\u010dnik za pla\u017eu: super lagan, jednostavan za no\u0161enje i nevjerojatno udoban, 100% mekani pamuk. Dimenzije: 90&#215;180 cm. Dostupno uz narud\u017ebu, rok isporuke 20 -30 dana.<\/p>\n","protected":false},"featured_media":1510,"template":"","meta":{"_acf_changed":false},"product_brand":[],"product_cat":[145],"product_tag":[],"class_list":{"0":"post-6211","1":"product","2":"type-product","3":"status-publish","4":"has-post-thumbnail","6":"product_cat-hotelski-rucnici-za-plazu-i-bazen-premium","8":"first","9":"onbackorder","10":"taxable","11":"shipping-taxable","12":"purchasable","13":"product-type-simple"},"acf":[],"_links":{"self":[{"href":"https:\/\/adhotelskaoprema.com\/en\/wp-json\/wp\/v2\/product\/6211","targetHints":{"allow":["GET"]}}],"collection":[{"href":"https:\/\/adhotelskaoprema.com\/en\/wp-json\/wp\/v2\/product"}],"about":[{"href":"https:\/\/adhotelskaoprema.com\/en\/wp-json\/wp\/v2\/types\/product"}],"wp:featuredmedia":[{"embeddable":true,"href":"https:\/\/adhotelskaoprema.com\/en\/wp-json\/wp\/v2\/media\/1510"}],"wp:attachment":[{"href":"https:\/\/adhotelskaoprema.com\/en\/wp-json\/wp\/v2\/media?parent=6211"}],"wp:term":[{"taxonomy":"product_brand","embeddable":true,"href":"https:\/\/adhotelskaoprema.com\/en\/wp-json\/wp\/v2\/product_brand?post=6211"},{"taxonomy":"product_cat","embeddable":true,"href":"https:\/\/adhotelskaoprema.com\/en\/wp-json\/wp\/v2\/product_cat?post=6211"},{"taxonomy":"product_tag","embeddable":true,"href":"https:\/\/adhotelskaoprema.com\/en\/wp-json\/wp\/v2\/product_tag?post=6211"}],"curies":[{"name":"wp","href":"https:\/\/api.w.org\/{rel}","templated":true}]}}