{"id":6202,"date":"2024-02-05T10:25:46","date_gmt":"2024-02-05T09:25:46","guid":{"rendered":"https:\/\/adhotelskaoprema.com\/proizvod\/rucnik-za-plazu-martinica\/"},"modified":"2025-01-09T13:58:10","modified_gmt":"2025-01-09T12:58:10","slug":"rucnik-za-plazu-martinica","status":"publish","type":"product","link":"https:\/\/adhotelskaoprema.com\/en\/proizvod\/rucnik-za-plazu-martinica\/","title":{"rendered":"Ru\u010dnik za pla\u017eu Martinica"},"content":{"rendered":"<p>Opis:<br \/>\nNajbolji hamman ru\u010dnik za pla\u017eu na svijetu, super lagan, jednostavan za no\u0161enje i nevjerojatno udoban, s detaljem jedinstvenog dodira velura.<\/p>\n<p>Dimenzije: 90&#215;180 cm.<br \/>\n100% mekani pamuk, Velur zavr\u0161na obrada.<br \/>\nDostupno uz narud\u017ebu, rok isporuke 20 -30 dana.<\/p>\n","protected":false},"excerpt":{"rendered":"<p>Opis: Najbolji hamman ru\u010dnik za pla\u017eu na svijetu, super lagan, jednostavan za no\u0161enje i nevjerojatno udoban, s detaljem jedinstvenog dodira velura. Dimenzije: 90&#215;180 cm. 100% mekani pamuk, Velur zavr\u0161na obrada. Dostupno uz narud\u017ebu, rok isporuke 20 -30 dana.<\/p>\n","protected":false},"featured_media":1495,"template":"","meta":{"_acf_changed":false},"product_brand":[],"product_cat":[145],"product_tag":[],"class_list":{"0":"post-6202","1":"product","2":"type-product","3":"status-publish","4":"has-post-thumbnail","6":"product_cat-hotelski-rucnici-za-plazu-i-bazen-premium","8":"first","9":"onbackorder","10":"taxable","11":"shipping-taxable","12":"purchasable","13":"product-type-simple"},"acf":[],"_links":{"self":[{"href":"https:\/\/adhotelskaoprema.com\/en\/wp-json\/wp\/v2\/product\/6202","targetHints":{"allow":["GET"]}}],"collection":[{"href":"https:\/\/adhotelskaoprema.com\/en\/wp-json\/wp\/v2\/product"}],"about":[{"href":"https:\/\/adhotelskaoprema.com\/en\/wp-json\/wp\/v2\/types\/product"}],"wp:featuredmedia":[{"embeddable":true,"href":"https:\/\/adhotelskaoprema.com\/en\/wp-json\/wp\/v2\/media\/1495"}],"wp:attachment":[{"href":"https:\/\/adhotelskaoprema.com\/en\/wp-json\/wp\/v2\/media?parent=6202"}],"wp:term":[{"taxonomy":"product_brand","embeddable":true,"href":"https:\/\/adhotelskaoprema.com\/en\/wp-json\/wp\/v2\/product_brand?post=6202"},{"taxonomy":"product_cat","embeddable":true,"href":"https:\/\/adhotelskaoprema.com\/en\/wp-json\/wp\/v2\/product_cat?post=6202"},{"taxonomy":"product_tag","embeddable":true,"href":"https:\/\/adhotelskaoprema.com\/en\/wp-json\/wp\/v2\/product_tag?post=6202"}],"curies":[{"name":"wp","href":"https:\/\/api.w.org\/{rel}","templated":true}]}}