{"id":6199,"date":"2024-02-05T10:25:46","date_gmt":"2024-02-05T09:25:46","guid":{"rendered":"https:\/\/adhotelskaoprema.com\/proizvod\/premium-rucnik-linija-7-30-x-50-cm-4-komada\/"},"modified":"2025-01-09T13:56:10","modified_gmt":"2025-01-09T12:56:10","slug":"premium-rucnik-linija-7-30-x-50-cm-4-komada","status":"publish","type":"product","link":"https:\/\/adhotelskaoprema.com\/en\/proizvod\/premium-rucnik-linija-7-30-x-50-cm-4-komada\/","title":{"rendered":"Premium ru\u010dnik LINIJA 7 &#8211; 30 x 50 cm (4 komada)"},"content":{"rendered":"<p>Opis:<br \/>\n100% vrhunski pamuk i lan, 630g\/m2, bijele boje. Zaobljeni kutovi i dvostruki \u0161avovi za izdr\u017eljivost. Prethodno oprano i skupljeno za ve\u0107u upijanje i meko\u0107u.<\/p>\n<p>Dimenzija: 30 x 50 cm, bijele boje.<br \/>\nDostupno uz narud\u017ebu, rok isporuke 20 -30 dana.<\/p>\n","protected":false},"excerpt":{"rendered":"<p>Opis: 100% vrhunski pamuk i lan, 630g\/m2, bijele boje. Zaobljeni kutovi i dvostruki \u0161avovi za izdr\u017eljivost. Prethodno oprano i skupljeno za ve\u0107u upijanje i meko\u0107u. Dimenzija: 30 x 50 cm, bijele boje. Dostupno uz narud\u017ebu, rok isporuke 20 -30 dana.<\/p>\n","protected":false},"featured_media":1489,"template":"","meta":{"_acf_changed":false},"product_brand":[],"product_cat":[143],"product_tag":[],"class_list":{"0":"post-6199","1":"product","2":"type-product","3":"status-publish","4":"has-post-thumbnail","6":"product_cat-premium-rucnici-linija-7","8":"first","9":"onbackorder","10":"taxable","11":"shipping-taxable","12":"purchasable","13":"product-type-simple"},"acf":[],"_links":{"self":[{"href":"https:\/\/adhotelskaoprema.com\/en\/wp-json\/wp\/v2\/product\/6199","targetHints":{"allow":["GET"]}}],"collection":[{"href":"https:\/\/adhotelskaoprema.com\/en\/wp-json\/wp\/v2\/product"}],"about":[{"href":"https:\/\/adhotelskaoprema.com\/en\/wp-json\/wp\/v2\/types\/product"}],"wp:featuredmedia":[{"embeddable":true,"href":"https:\/\/adhotelskaoprema.com\/en\/wp-json\/wp\/v2\/media\/1489"}],"wp:attachment":[{"href":"https:\/\/adhotelskaoprema.com\/en\/wp-json\/wp\/v2\/media?parent=6199"}],"wp:term":[{"taxonomy":"product_brand","embeddable":true,"href":"https:\/\/adhotelskaoprema.com\/en\/wp-json\/wp\/v2\/product_brand?post=6199"},{"taxonomy":"product_cat","embeddable":true,"href":"https:\/\/adhotelskaoprema.com\/en\/wp-json\/wp\/v2\/product_cat?post=6199"},{"taxonomy":"product_tag","embeddable":true,"href":"https:\/\/adhotelskaoprema.com\/en\/wp-json\/wp\/v2\/product_tag?post=6199"}],"curies":[{"name":"wp","href":"https:\/\/api.w.org\/{rel}","templated":true}]}}