{"id":6174,"date":"2024-02-05T10:25:23","date_gmt":"2024-02-05T09:25:23","guid":{"rendered":"https:\/\/adhotelskaoprema.com\/proizvod\/kuka-za-rucnik-kromirana\/"},"modified":"2024-02-05T10:25:30","modified_gmt":"2024-02-05T09:25:30","slug":"kuka-za-rucnik-kromirana","status":"publish","type":"product","link":"https:\/\/adhotelskaoprema.com\/en\/proizvod\/kuka-za-rucnik-kromirana\/","title":{"rendered":"KUKA ZA RU\u010cNIK &#8211; KROMIRANA"},"content":{"rendered":"<p>Opis:<br \/>\nKuka za ru\u010dnik izra\u0111ena od mesinga i nehr\u0111aju\u0107eg \u010delika.<br \/>\nDimenzije: visina 7 x dubina 4,6 x \u0161irina 3 cm.<br \/>\nTe\u017eina: 209 g<\/p>\n<p>Rok isporuke 7-14 dana.<\/p>\n","protected":false},"excerpt":{"rendered":"<p>Opis: Kuka za ru\u010dnik izra\u0111ena od mesinga i nehr\u0111aju\u0107eg \u010delika. Dimenzije: visina 7 x dubina 4,6 x \u0161irina 3 cm. Te\u017eina: 209 g Rok isporuke 7-14 dana.<\/p>\n","protected":false},"featured_media":1455,"template":"","meta":{"_acf_changed":false},"product_brand":[],"product_cat":[71],"product_tag":[],"class_list":{"0":"post-6174","1":"product","2":"type-product","3":"status-publish","4":"has-post-thumbnail","6":"product_cat-kupaonska-galanterija-outline","8":"first","9":"instock","10":"sale","11":"taxable","12":"shipping-taxable","13":"purchasable","14":"product-type-simple"},"acf":[],"_links":{"self":[{"href":"https:\/\/adhotelskaoprema.com\/en\/wp-json\/wp\/v2\/product\/6174","targetHints":{"allow":["GET"]}}],"collection":[{"href":"https:\/\/adhotelskaoprema.com\/en\/wp-json\/wp\/v2\/product"}],"about":[{"href":"https:\/\/adhotelskaoprema.com\/en\/wp-json\/wp\/v2\/types\/product"}],"wp:featuredmedia":[{"embeddable":true,"href":"https:\/\/adhotelskaoprema.com\/en\/wp-json\/wp\/v2\/media\/1455"}],"wp:attachment":[{"href":"https:\/\/adhotelskaoprema.com\/en\/wp-json\/wp\/v2\/media?parent=6174"}],"wp:term":[{"taxonomy":"product_brand","embeddable":true,"href":"https:\/\/adhotelskaoprema.com\/en\/wp-json\/wp\/v2\/product_brand?post=6174"},{"taxonomy":"product_cat","embeddable":true,"href":"https:\/\/adhotelskaoprema.com\/en\/wp-json\/wp\/v2\/product_cat?post=6174"},{"taxonomy":"product_tag","embeddable":true,"href":"https:\/\/adhotelskaoprema.com\/en\/wp-json\/wp\/v2\/product_tag?post=6174"}],"curies":[{"name":"wp","href":"https:\/\/api.w.org\/{rel}","templated":true}]}}