{"id":6169,"date":"2024-02-05T10:25:23","date_gmt":"2024-02-05T09:25:23","guid":{"rendered":"https:\/\/adhotelskaoprema.com\/proizvod\/drzac-toaletnog-papira-sa-poklopcem-crni\/"},"modified":"2024-02-05T10:25:28","modified_gmt":"2024-02-05T09:25:28","slug":"drzac-toaletnog-papira-sa-poklopcem-crni","status":"publish","type":"product","link":"https:\/\/adhotelskaoprema.com\/en\/proizvod\/drzac-toaletnog-papira-sa-poklopcem-crni\/","title":{"rendered":"DR\u017dA\u010c TOALETNOG PAPIRA SA POKLOPCEM &#8211; CRNI"},"content":{"rendered":"<p>Opis:<br \/>\nDr\u017ea\u010d toaletnog papira izra\u0111en od mesinga i nehr\u0111aju\u0107eg \u010delika, crne boje.<br \/>\nDimenzije: visina 14 x dubina 11 x \u0161irina 11,8 cm.<br \/>\nTe\u017eina: 600 g<\/p>\n<p>Rok isporuke 7-14 dana.<\/p>\n","protected":false},"excerpt":{"rendered":"<p>Opis: Dr\u017ea\u010d toaletnog papira izra\u0111en od mesinga i nehr\u0111aju\u0107eg \u010delika, crne boje. Dimenzije: visina 14 x dubina 11 x \u0161irina 11,8 cm. Te\u017eina: 600 g Rok isporuke 7-14 dana.<\/p>\n","protected":false},"featured_media":1445,"template":"","meta":{"_acf_changed":false},"product_brand":[],"product_cat":[71],"product_tag":[],"class_list":{"0":"post-6169","1":"product","2":"type-product","3":"status-publish","4":"has-post-thumbnail","6":"product_cat-kupaonska-galanterija-outline","8":"first","9":"instock","10":"sale","11":"taxable","12":"shipping-taxable","13":"purchasable","14":"product-type-simple"},"acf":[],"_links":{"self":[{"href":"https:\/\/adhotelskaoprema.com\/en\/wp-json\/wp\/v2\/product\/6169","targetHints":{"allow":["GET"]}}],"collection":[{"href":"https:\/\/adhotelskaoprema.com\/en\/wp-json\/wp\/v2\/product"}],"about":[{"href":"https:\/\/adhotelskaoprema.com\/en\/wp-json\/wp\/v2\/types\/product"}],"wp:featuredmedia":[{"embeddable":true,"href":"https:\/\/adhotelskaoprema.com\/en\/wp-json\/wp\/v2\/media\/1445"}],"wp:attachment":[{"href":"https:\/\/adhotelskaoprema.com\/en\/wp-json\/wp\/v2\/media?parent=6169"}],"wp:term":[{"taxonomy":"product_brand","embeddable":true,"href":"https:\/\/adhotelskaoprema.com\/en\/wp-json\/wp\/v2\/product_brand?post=6169"},{"taxonomy":"product_cat","embeddable":true,"href":"https:\/\/adhotelskaoprema.com\/en\/wp-json\/wp\/v2\/product_cat?post=6169"},{"taxonomy":"product_tag","embeddable":true,"href":"https:\/\/adhotelskaoprema.com\/en\/wp-json\/wp\/v2\/product_tag?post=6169"}],"curies":[{"name":"wp","href":"https:\/\/api.w.org\/{rel}","templated":true}]}}