{"id":6164,"date":"2024-02-05T10:25:23","date_gmt":"2024-02-05T09:25:23","guid":{"rendered":"https:\/\/adhotelskaoprema.com\/proizvod\/drzac-za-rucnike-55cm-crni\/"},"modified":"2024-02-05T10:25:26","modified_gmt":"2024-02-05T09:25:26","slug":"drzac-za-rucnike-55cm-crni","status":"publish","type":"product","link":"https:\/\/adhotelskaoprema.com\/en\/proizvod\/drzac-za-rucnike-55cm-crni\/","title":{"rendered":"DR\u017dA\u010c ZA RU\u010cNIKE 55CM &#8211; CRNI"},"content":{"rendered":"<p>Opis:<br \/>\nDr\u017ea\u010d za ru\u010dnike izra\u0111en od mesinga i nehr\u0111aju\u0107eg \u010delika, crne boje.<br \/>\nDimenzije: visina 3 x dubina 7 x \u0161irina 55 cm.<br \/>\nTe\u017eina: 926 g<br \/>\nNosivost 150 kg<\/p>\n<p>Rok isporuke 7-14 dana.<\/p>\n","protected":false},"excerpt":{"rendered":"<p>Opis: Dr\u017ea\u010d za ru\u010dnike izra\u0111en od mesinga i nehr\u0111aju\u0107eg \u010delika, crne boje. Dimenzije: visina 3 x dubina 7 x \u0161irina 55 cm. Te\u017eina: 926 g Nosivost 150 kg Rok isporuke 7-14 dana.<\/p>\n","protected":false},"featured_media":1435,"template":"","meta":{"_acf_changed":false},"product_brand":[],"product_cat":[71],"product_tag":[],"class_list":{"0":"post-6164","1":"product","2":"type-product","3":"status-publish","4":"has-post-thumbnail","6":"product_cat-kupaonska-galanterija-outline","8":"first","9":"instock","10":"sale","11":"taxable","12":"shipping-taxable","13":"purchasable","14":"product-type-simple"},"acf":[],"_links":{"self":[{"href":"https:\/\/adhotelskaoprema.com\/en\/wp-json\/wp\/v2\/product\/6164","targetHints":{"allow":["GET"]}}],"collection":[{"href":"https:\/\/adhotelskaoprema.com\/en\/wp-json\/wp\/v2\/product"}],"about":[{"href":"https:\/\/adhotelskaoprema.com\/en\/wp-json\/wp\/v2\/types\/product"}],"wp:featuredmedia":[{"embeddable":true,"href":"https:\/\/adhotelskaoprema.com\/en\/wp-json\/wp\/v2\/media\/1435"}],"wp:attachment":[{"href":"https:\/\/adhotelskaoprema.com\/en\/wp-json\/wp\/v2\/media?parent=6164"}],"wp:term":[{"taxonomy":"product_brand","embeddable":true,"href":"https:\/\/adhotelskaoprema.com\/en\/wp-json\/wp\/v2\/product_brand?post=6164"},{"taxonomy":"product_cat","embeddable":true,"href":"https:\/\/adhotelskaoprema.com\/en\/wp-json\/wp\/v2\/product_cat?post=6164"},{"taxonomy":"product_tag","embeddable":true,"href":"https:\/\/adhotelskaoprema.com\/en\/wp-json\/wp\/v2\/product_tag?post=6164"}],"curies":[{"name":"wp","href":"https:\/\/api.w.org\/{rel}","templated":true}]}}