{"id":6154,"date":"2024-02-05T10:25:13","date_gmt":"2024-02-05T09:25:13","guid":{"rendered":"https:\/\/adhotelskaoprema.com\/proizvod\/kosara-za-tus-2-crne-boje\/"},"modified":"2024-02-05T10:25:18","modified_gmt":"2024-02-05T09:25:18","slug":"kosara-za-tus-2-crne-boje","status":"publish","type":"product","link":"https:\/\/adhotelskaoprema.com\/en\/proizvod\/kosara-za-tus-2-crne-boje\/","title":{"rendered":"KO\u0160ARA ZA TU\u0160 2 &#8211; CRNE BOJE"},"content":{"rendered":"<p>Opis:<br \/>\nKo\u0161ara za tu\u0161 izra\u0111ena od mesinga i nehr\u0111aju\u0107eg \u010delika, crne boje.<br \/>\nDimenzije: visina 3 x dubina 16,9 x \u0161irina 16,9 cm.<br \/>\nTe\u017eina: 699 g<\/p>\n<p>Rok isporuke 7-14 dana.<\/p>\n","protected":false},"excerpt":{"rendered":"<p>Opis: Ko\u0161ara za tu\u0161 izra\u0111ena od mesinga i nehr\u0111aju\u0107eg \u010delika, crne boje. Dimenzije: visina 3 x dubina 16,9 x \u0161irina 16,9 cm. Te\u017eina: 699 g Rok isporuke 7-14 dana.<\/p>\n","protected":false},"featured_media":1415,"template":"","meta":{"_acf_changed":false},"product_brand":[],"product_cat":[71],"product_tag":[],"class_list":{"0":"post-6154","1":"product","2":"type-product","3":"status-publish","4":"has-post-thumbnail","6":"product_cat-kupaonska-galanterija-outline","8":"first","9":"instock","10":"sale","11":"taxable","12":"shipping-taxable","13":"purchasable","14":"product-type-simple"},"acf":[],"_links":{"self":[{"href":"https:\/\/adhotelskaoprema.com\/en\/wp-json\/wp\/v2\/product\/6154","targetHints":{"allow":["GET"]}}],"collection":[{"href":"https:\/\/adhotelskaoprema.com\/en\/wp-json\/wp\/v2\/product"}],"about":[{"href":"https:\/\/adhotelskaoprema.com\/en\/wp-json\/wp\/v2\/types\/product"}],"wp:featuredmedia":[{"embeddable":true,"href":"https:\/\/adhotelskaoprema.com\/en\/wp-json\/wp\/v2\/media\/1415"}],"wp:attachment":[{"href":"https:\/\/adhotelskaoprema.com\/en\/wp-json\/wp\/v2\/media?parent=6154"}],"wp:term":[{"taxonomy":"product_brand","embeddable":true,"href":"https:\/\/adhotelskaoprema.com\/en\/wp-json\/wp\/v2\/product_brand?post=6154"},{"taxonomy":"product_cat","embeddable":true,"href":"https:\/\/adhotelskaoprema.com\/en\/wp-json\/wp\/v2\/product_cat?post=6154"},{"taxonomy":"product_tag","embeddable":true,"href":"https:\/\/adhotelskaoprema.com\/en\/wp-json\/wp\/v2\/product_tag?post=6154"}],"curies":[{"name":"wp","href":"https:\/\/api.w.org\/{rel}","templated":true}]}}