{"id":6144,"date":"2024-02-05T10:25:13","date_gmt":"2024-02-05T09:25:13","guid":{"rendered":"https:\/\/adhotelskaoprema.com\/proizvod\/prstenasti-drzac-za-rucnik\/"},"modified":"2024-02-05T10:25:15","modified_gmt":"2024-02-05T09:25:15","slug":"prstenasti-drzac-za-rucnik","status":"publish","type":"product","link":"https:\/\/adhotelskaoprema.com\/en\/proizvod\/prstenasti-drzac-za-rucnik\/","title":{"rendered":"PRSTENASTI DR\u017dA\u010c ZA RU\u010cNIK"},"content":{"rendered":"<p>Opis:<br \/>\nPrstenasti dr\u017ea\u010d za ru\u010dnik izra\u0111en od mesinga i aluminija.<br \/>\nDimenzije: visina 21,4 x dubina 6 x fi 19,4 cm.<br \/>\nTe\u017eina: 167 g<\/p>\n<p>Rok isporuke 7-14 dana.<\/p>\n","protected":false},"excerpt":{"rendered":"<p>Opis: Prstenasti dr\u017ea\u010d za ru\u010dnik izra\u0111en od mesinga i aluminija. Dimenzije: visina 21,4 x dubina 6 x fi 19,4 cm. Te\u017eina: 167 g Rok isporuke 7-14 dana.<\/p>\n","protected":false},"featured_media":1395,"template":"","meta":{"_acf_changed":false},"product_brand":[],"product_cat":[70],"product_tag":[],"class_list":{"0":"post-6144","1":"product","2":"type-product","3":"status-publish","4":"has-post-thumbnail","6":"product_cat-kupaonska-galanterija-gea","8":"first","9":"instock","10":"sale","11":"taxable","12":"shipping-taxable","13":"purchasable","14":"product-type-simple"},"acf":[],"_links":{"self":[{"href":"https:\/\/adhotelskaoprema.com\/en\/wp-json\/wp\/v2\/product\/6144","targetHints":{"allow":["GET"]}}],"collection":[{"href":"https:\/\/adhotelskaoprema.com\/en\/wp-json\/wp\/v2\/product"}],"about":[{"href":"https:\/\/adhotelskaoprema.com\/en\/wp-json\/wp\/v2\/types\/product"}],"wp:featuredmedia":[{"embeddable":true,"href":"https:\/\/adhotelskaoprema.com\/en\/wp-json\/wp\/v2\/media\/1395"}],"wp:attachment":[{"href":"https:\/\/adhotelskaoprema.com\/en\/wp-json\/wp\/v2\/media?parent=6144"}],"wp:term":[{"taxonomy":"product_brand","embeddable":true,"href":"https:\/\/adhotelskaoprema.com\/en\/wp-json\/wp\/v2\/product_brand?post=6144"},{"taxonomy":"product_cat","embeddable":true,"href":"https:\/\/adhotelskaoprema.com\/en\/wp-json\/wp\/v2\/product_cat?post=6144"},{"taxonomy":"product_tag","embeddable":true,"href":"https:\/\/adhotelskaoprema.com\/en\/wp-json\/wp\/v2\/product_tag?post=6144"}],"curies":[{"name":"wp","href":"https:\/\/api.w.org\/{rel}","templated":true}]}}