{"id":6137,"date":"2024-02-05T10:24:56","date_gmt":"2024-02-05T09:24:56","guid":{"rendered":"https:\/\/adhotelskaoprema.com\/proizvod\/minibar-eco-30l-staklena-vrata-bijeli\/"},"modified":"2025-02-26T08:52:38","modified_gmt":"2025-02-26T07:52:38","slug":"minibar-eco-30l-staklena-vrata-bijeli","status":"publish","type":"product","link":"https:\/\/adhotelskaoprema.com\/en\/proizvod\/minibar-eco-30l-staklena-vrata-bijeli\/","title":{"rendered":"MINIBAR ECO 30L &#8211; STAKLENA VRATA- BIJELI"},"content":{"rendered":"<p>Opis:<br \/>\nMinibar zapremnine 30L, bijele boje.<br \/>\nSnage 65W, LED rasvjeta<br \/>\nDimenzije: visina 500 x \u0161irina 402 x dubina 425 mm<br \/>\nLagana kontrola pode\u0161avanja temperature.<br \/>\nOtvaranje vrata podesivo na obije strane.<br \/>\nAutomatski sustav odle\u0111ivanja.<br \/>\nDvogodi\u0161nje jamstvo.<br \/>\nRazina buke: 0 dbl<br \/>\nCertifikat kvalitete : ISO 9001,RoHS, CE,<br \/>\nEkolo\u0161ki certifikat: ISO 14001<br \/>\nRok isporuke 20-30 dana, dostupno uz narud\u017ebu.<\/p>\n","protected":false},"excerpt":{"rendered":"<p>Opis: Minibar zapremnine 30L, bijele boje. Snage 65W, LED rasvjeta Dimenzije: visina 500 x \u0161irina 402 x dubina 425 mm Lagana kontrola pode\u0161avanja temperature. Otvaranje vrata podesivo na obije strane. Automatski sustav odle\u0111ivanja. Dvogodi\u0161nje jamstvo. Razina buke: 0 dbl Certifikat kvalitete : ISO 9001,RoHS, CE, Ekolo\u0161ki certifikat: ISO 14001 Rok isporuke 20-30 dana, dostupno uz [&hellip;]<\/p>\n","protected":false},"featured_media":1383,"template":"","meta":{"_acf_changed":false},"product_brand":[],"product_cat":[68],"product_tag":[],"class_list":{"0":"post-6137","1":"product","2":"type-product","3":"status-publish","4":"has-post-thumbnail","6":"product_cat-minibarovi","8":"first","9":"outofstock","10":"sale","11":"taxable","12":"shipping-taxable","13":"purchasable","14":"product-type-simple"},"acf":[],"_links":{"self":[{"href":"https:\/\/adhotelskaoprema.com\/en\/wp-json\/wp\/v2\/product\/6137","targetHints":{"allow":["GET"]}}],"collection":[{"href":"https:\/\/adhotelskaoprema.com\/en\/wp-json\/wp\/v2\/product"}],"about":[{"href":"https:\/\/adhotelskaoprema.com\/en\/wp-json\/wp\/v2\/types\/product"}],"wp:featuredmedia":[{"embeddable":true,"href":"https:\/\/adhotelskaoprema.com\/en\/wp-json\/wp\/v2\/media\/1383"}],"wp:attachment":[{"href":"https:\/\/adhotelskaoprema.com\/en\/wp-json\/wp\/v2\/media?parent=6137"}],"wp:term":[{"taxonomy":"product_brand","embeddable":true,"href":"https:\/\/adhotelskaoprema.com\/en\/wp-json\/wp\/v2\/product_brand?post=6137"},{"taxonomy":"product_cat","embeddable":true,"href":"https:\/\/adhotelskaoprema.com\/en\/wp-json\/wp\/v2\/product_cat?post=6137"},{"taxonomy":"product_tag","embeddable":true,"href":"https:\/\/adhotelskaoprema.com\/en\/wp-json\/wp\/v2\/product_tag?post=6137"}],"curies":[{"name":"wp","href":"https:\/\/api.w.org\/{rel}","templated":true}]}}