{"id":6125,"date":"2024-02-05T10:24:56","date_gmt":"2024-02-05T09:24:56","guid":{"rendered":"https:\/\/adhotelskaoprema.com\/proizvod\/eco-sef-tablet\/"},"modified":"2025-02-26T08:56:11","modified_gmt":"2025-02-26T07:56:11","slug":"eco-sef-tablet","status":"publish","type":"product","link":"https:\/\/adhotelskaoprema.com\/en\/proizvod\/eco-sef-tablet\/","title":{"rendered":"ECO SEF TABLET"},"content":{"rendered":"<p>Opis:<br \/>\nZapremnine 13.2L.<br \/>\nLED displej tipkovnica za otvaranje, elektroni\u010dko otvaranje na \u0161ifru 4 znamenke.<br \/>\nMehani\u010dki sigurnosni klju\u010d za otvaranje.<br \/>\nDimenzije: visina 200 x \u0161irina 350 x dubina 263 mm<br \/>\nIzra\u0111en od \u010delika, crne boje.<br \/>\nDvogodi\u0161nje jamstvo.<br \/>\nCertifikat kvalitete : 9001,RoHS, CE<br \/>\nRok isporuke 20-30 dana, dostupno uz narud\u017ebu.<\/p>\n","protected":false},"excerpt":{"rendered":"<p>Opis: Zapremnine 13.2L. LED displej tipkovnica za otvaranje, elektroni\u010dko otvaranje na \u0161ifru 4 znamenke. Mehani\u010dki sigurnosni klju\u010d za otvaranje. Dimenzije: visina 200 x \u0161irina 350 x dubina 263 mm Izra\u0111en od \u010delika, crne boje. Dvogodi\u0161nje jamstvo. Certifikat kvalitete : 9001,RoHS, CE Rok isporuke 20-30 dana, dostupno uz narud\u017ebu.<\/p>\n","protected":false},"featured_media":1359,"template":"","meta":{"_acf_changed":false},"product_brand":[],"product_cat":[137],"product_tag":[],"class_list":{"0":"post-6125","1":"product","2":"type-product","3":"status-publish","4":"has-post-thumbnail","6":"product_cat-hotelski-sefovi","8":"first","9":"outofstock","10":"sale","11":"taxable","12":"shipping-taxable","13":"purchasable","14":"product-type-simple"},"acf":[],"_links":{"self":[{"href":"https:\/\/adhotelskaoprema.com\/en\/wp-json\/wp\/v2\/product\/6125","targetHints":{"allow":["GET"]}}],"collection":[{"href":"https:\/\/adhotelskaoprema.com\/en\/wp-json\/wp\/v2\/product"}],"about":[{"href":"https:\/\/adhotelskaoprema.com\/en\/wp-json\/wp\/v2\/types\/product"}],"wp:featuredmedia":[{"embeddable":true,"href":"https:\/\/adhotelskaoprema.com\/en\/wp-json\/wp\/v2\/media\/1359"}],"wp:attachment":[{"href":"https:\/\/adhotelskaoprema.com\/en\/wp-json\/wp\/v2\/media?parent=6125"}],"wp:term":[{"taxonomy":"product_brand","embeddable":true,"href":"https:\/\/adhotelskaoprema.com\/en\/wp-json\/wp\/v2\/product_brand?post=6125"},{"taxonomy":"product_cat","embeddable":true,"href":"https:\/\/adhotelskaoprema.com\/en\/wp-json\/wp\/v2\/product_cat?post=6125"},{"taxonomy":"product_tag","embeddable":true,"href":"https:\/\/adhotelskaoprema.com\/en\/wp-json\/wp\/v2\/product_tag?post=6125"}],"curies":[{"name":"wp","href":"https:\/\/api.w.org\/{rel}","templated":true}]}}