{"id":6114,"date":"2024-02-05T10:24:43","date_gmt":"2024-02-05T09:24:43","guid":{"rendered":"https:\/\/adhotelskaoprema.com\/proizvod\/sef-laptop-crni\/"},"modified":"2025-02-26T08:57:30","modified_gmt":"2025-02-26T07:57:30","slug":"sef-laptop-crni","status":"publish","type":"product","link":"https:\/\/adhotelskaoprema.com\/en\/proizvod\/sef-laptop-crni\/","title":{"rendered":"SEF LAPTOP &#8211; CRNI"},"content":{"rendered":"<p>opis:<br \/>\nHotelski sef izra\u0111en od \u010delika, crne boje.<br \/>\nSef se otvara na numeri\u010dku \u0161ifru 4-6 brojeva koju gost sam bira, napajanje sefa 4 x AA baterije, sef dolazi sa jednim mehani\u010dkim klju\u010dem za slu\u010daj nu\u017enog otvaranja, a postoji opcija za dodatni klju\u010d i mogu\u0107nost programiranja mastercoda.<br \/>\nDimenzije: visina 191 x \u0161irina 354 x dubina 432 mm.<br \/>\nJamstvo 2 godina, mogu\u0107nost narud\u017ebe samo jednog proizvoda.<br \/>\nRok isporuke 14 dana.<\/p>\n","protected":false},"excerpt":{"rendered":"<p>opis: Hotelski sef izra\u0111en od \u010delika, crne boje. Sef se otvara na numeri\u010dku \u0161ifru 4-6 brojeva koju gost sam bira, napajanje sefa 4 x AA baterije, sef dolazi sa jednim mehani\u010dkim klju\u010dem za slu\u010daj nu\u017enog otvaranja, a postoji opcija za dodatni klju\u010d i mogu\u0107nost programiranja mastercoda. Dimenzije: visina 191 x \u0161irina 354 x dubina 432 [&hellip;]<\/p>\n","protected":false},"featured_media":1337,"template":"","meta":{"_acf_changed":false},"product_brand":[],"product_cat":[137],"product_tag":[],"class_list":{"0":"post-6114","1":"product","2":"type-product","3":"status-publish","4":"has-post-thumbnail","6":"product_cat-hotelski-sefovi","8":"first","9":"outofstock","10":"sale","11":"taxable","12":"shipping-taxable","13":"purchasable","14":"product-type-simple"},"acf":[],"_links":{"self":[{"href":"https:\/\/adhotelskaoprema.com\/en\/wp-json\/wp\/v2\/product\/6114","targetHints":{"allow":["GET"]}}],"collection":[{"href":"https:\/\/adhotelskaoprema.com\/en\/wp-json\/wp\/v2\/product"}],"about":[{"href":"https:\/\/adhotelskaoprema.com\/en\/wp-json\/wp\/v2\/types\/product"}],"wp:featuredmedia":[{"embeddable":true,"href":"https:\/\/adhotelskaoprema.com\/en\/wp-json\/wp\/v2\/media\/1337"}],"wp:attachment":[{"href":"https:\/\/adhotelskaoprema.com\/en\/wp-json\/wp\/v2\/media?parent=6114"}],"wp:term":[{"taxonomy":"product_brand","embeddable":true,"href":"https:\/\/adhotelskaoprema.com\/en\/wp-json\/wp\/v2\/product_brand?post=6114"},{"taxonomy":"product_cat","embeddable":true,"href":"https:\/\/adhotelskaoprema.com\/en\/wp-json\/wp\/v2\/product_cat?post=6114"},{"taxonomy":"product_tag","embeddable":true,"href":"https:\/\/adhotelskaoprema.com\/en\/wp-json\/wp\/v2\/product_tag?post=6114"}],"curies":[{"name":"wp","href":"https:\/\/api.w.org\/{rel}","templated":true}]}}