{"id":6112,"date":"2024-02-05T10:24:43","date_gmt":"2024-02-05T09:24:43","guid":{"rendered":"https:\/\/adhotelskaoprema.com\/proizvod\/sef-bl-plus\/"},"modified":"2025-02-26T08:57:01","modified_gmt":"2025-02-26T07:57:01","slug":"sef-bl-plus","status":"publish","type":"product","link":"https:\/\/adhotelskaoprema.com\/en\/proizvod\/sef-bl-plus\/","title":{"rendered":"SEF BL PLUS"},"content":{"rendered":"<p>opis:<br \/>\nHotelski sef izra\u0111en od \u010delika, crne boje, te\u017eina 6,5 kg<br \/>\nSef se otvara na numeri\u010dku \u0161ifru 3-8 brojeva koju gost sam bira, napajanje sefa 4 x AA baterije, sef dolazi sa jednim mehani\u010dkim klju\u010dem za slu\u010daj nu\u017enog otvaranja, a postoji opcija za dodatni klju\u010d i mogu\u0107nost programiranja mastercoda.<br \/>\nDimenzije: visina 200 x \u0161irina 310 x dubina 200 mm.<br \/>\nJamstvo 2 godina, mogu\u0107nost narud\u017ebe samo jednog proizvoda.<br \/>\nRok isporuke 14 dana.<\/p>\n","protected":false},"excerpt":{"rendered":"<p>opis: Hotelski sef izra\u0111en od \u010delika, crne boje, te\u017eina 6,5 kg Sef se otvara na numeri\u010dku \u0161ifru 3-8 brojeva koju gost sam bira, napajanje sefa 4 x AA baterije, sef dolazi sa jednim mehani\u010dkim klju\u010dem za slu\u010daj nu\u017enog otvaranja, a postoji opcija za dodatni klju\u010d i mogu\u0107nost programiranja mastercoda. Dimenzije: visina 200 x \u0161irina 310 [&hellip;]<\/p>\n","protected":false},"featured_media":1333,"template":"","meta":{"_acf_changed":false},"product_brand":[],"product_cat":[137],"product_tag":[],"class_list":{"0":"post-6112","1":"product","2":"type-product","3":"status-publish","4":"has-post-thumbnail","6":"product_cat-hotelski-sefovi","8":"first","9":"outofstock","10":"sale","11":"taxable","12":"shipping-taxable","13":"purchasable","14":"product-type-simple"},"acf":[],"_links":{"self":[{"href":"https:\/\/adhotelskaoprema.com\/en\/wp-json\/wp\/v2\/product\/6112","targetHints":{"allow":["GET"]}}],"collection":[{"href":"https:\/\/adhotelskaoprema.com\/en\/wp-json\/wp\/v2\/product"}],"about":[{"href":"https:\/\/adhotelskaoprema.com\/en\/wp-json\/wp\/v2\/types\/product"}],"wp:featuredmedia":[{"embeddable":true,"href":"https:\/\/adhotelskaoprema.com\/en\/wp-json\/wp\/v2\/media\/1333"}],"wp:attachment":[{"href":"https:\/\/adhotelskaoprema.com\/en\/wp-json\/wp\/v2\/media?parent=6112"}],"wp:term":[{"taxonomy":"product_brand","embeddable":true,"href":"https:\/\/adhotelskaoprema.com\/en\/wp-json\/wp\/v2\/product_brand?post=6112"},{"taxonomy":"product_cat","embeddable":true,"href":"https:\/\/adhotelskaoprema.com\/en\/wp-json\/wp\/v2\/product_cat?post=6112"},{"taxonomy":"product_tag","embeddable":true,"href":"https:\/\/adhotelskaoprema.com\/en\/wp-json\/wp\/v2\/product_tag?post=6112"}],"curies":[{"name":"wp","href":"https:\/\/api.w.org\/{rel}","templated":true}]}}