{"id":6096,"date":"2024-02-05T10:24:30","date_gmt":"2024-02-05T09:24:30","guid":{"rendered":"https:\/\/adhotelskaoprema.com\/proizvod\/skin-essentials-gel-za-tusiranje-33-ml-50-komada\/"},"modified":"2025-02-04T14:18:22","modified_gmt":"2025-02-04T13:18:22","slug":"skin-essentials-gel-za-tusiranje-33-ml-50-komada","status":"publish","type":"product","link":"https:\/\/adhotelskaoprema.com\/en\/proizvod\/skin-essentials-gel-za-tusiranje-33-ml-50-komada\/","title":{"rendered":"SKIN ESSENTIALS GEL ZA TU\u0160IRANJE 33 ML (50 KOMADA)"},"content":{"rendered":"<p>\u201cEsencijalan za Va\u0161u njegu!\u201d<\/p>\n<p>Sa svojim unikatnim svojstvima hidratacije, antioksidativnim i umiruju\u0107im u\u010dinkom, ni\u0161ta ne mo\u017ee biti vi\u0161e potebno za Va\u0161u ko\u017eu i kosu od Skin Essentials linije.<br \/>\nBogata vitaminom E pru\u017ea blagotvorno iskustvo ko\u017ei i kosi.<br \/>\nVisoko kvalitetne formule, aroma mo\u0161usnog praha, obe\u0107avaju osvje\u017eenje Va\u0161em tijelu i du\u0161i!<br \/>\nEco-friendly pakiranje.<br \/>\nBogato vitaminom E.<br \/>\nAroma mo\u0161usnog praha sa notama jabuke, ambera i jasmina.<br \/>\nBez parabena.<br \/>\nDostupna u bo\u010dicama od 20 ml, 33 ml, 400 ml.<br \/>\nSapuni dostupni u grama\u017ei od 15 gr i 25 gr.<\/p>\n","protected":false},"excerpt":{"rendered":"<p>\u201cEsencijalan za Va\u0161u njegu!\u201d Sa svojim unikatnim svojstvima hidratacije, antioksidativnim i umiruju\u0107im u\u010dinkom, ni\u0161ta ne mo\u017ee biti vi\u0161e potebno za Va\u0161u ko\u017eu i kosu od Skin Essentials linije. Bogata vitaminom E pru\u017ea blagotvorno iskustvo ko\u017ei i kosi. Visoko kvalitetne formule, aroma mo\u0161usnog praha, obe\u0107avaju osvje\u017eenje Va\u0161em tijelu i du\u0161i! Eco-friendly pakiranje. Bogato vitaminom E. Aroma [&hellip;]<\/p>\n","protected":false},"featured_media":1300,"template":"","meta":{"_acf_changed":false},"product_brand":[],"product_cat":[61],"product_tag":[],"class_list":{"0":"post-6096","1":"product","2":"type-product","3":"status-publish","4":"has-post-thumbnail","6":"product_cat-hotelska-kozmetika-skin-essentials","8":"first","9":"instock","10":"sale","11":"taxable","12":"shipping-taxable","13":"purchasable","14":"product-type-simple"},"acf":[],"_links":{"self":[{"href":"https:\/\/adhotelskaoprema.com\/en\/wp-json\/wp\/v2\/product\/6096","targetHints":{"allow":["GET"]}}],"collection":[{"href":"https:\/\/adhotelskaoprema.com\/en\/wp-json\/wp\/v2\/product"}],"about":[{"href":"https:\/\/adhotelskaoprema.com\/en\/wp-json\/wp\/v2\/types\/product"}],"wp:featuredmedia":[{"embeddable":true,"href":"https:\/\/adhotelskaoprema.com\/en\/wp-json\/wp\/v2\/media\/1300"}],"wp:attachment":[{"href":"https:\/\/adhotelskaoprema.com\/en\/wp-json\/wp\/v2\/media?parent=6096"}],"wp:term":[{"taxonomy":"product_brand","embeddable":true,"href":"https:\/\/adhotelskaoprema.com\/en\/wp-json\/wp\/v2\/product_brand?post=6096"},{"taxonomy":"product_cat","embeddable":true,"href":"https:\/\/adhotelskaoprema.com\/en\/wp-json\/wp\/v2\/product_cat?post=6096"},{"taxonomy":"product_tag","embeddable":true,"href":"https:\/\/adhotelskaoprema.com\/en\/wp-json\/wp\/v2\/product_tag?post=6096"}],"curies":[{"name":"wp","href":"https:\/\/api.w.org\/{rel}","templated":true}]}}