{"id":6089,"date":"2024-02-05T10:24:30","date_gmt":"2024-02-05T09:24:30","guid":{"rendered":"https:\/\/adhotelskaoprema.com\/proizvod\/cetka-za-wc-sa-stalkom\/"},"modified":"2024-02-05T10:24:35","modified_gmt":"2024-02-05T09:24:35","slug":"cetka-za-wc-sa-stalkom","status":"publish","type":"product","link":"https:\/\/adhotelskaoprema.com\/en\/proizvod\/cetka-za-wc-sa-stalkom\/","title":{"rendered":"\u010cETKA ZA WC SA STALKOM"},"content":{"rendered":"<p>Opis:<br \/>\nvisina 40 x du\u017eine 8,2 x dubina 8,2 cm, te\u017eine 940 gr<br \/>\nkromirani stalak za \u010detku za wc, sa \u010detkom za wc, sjajna zavr\u0161na obrada<br \/>\n15 godina jamstva<\/p>\n<p>Rok isporuke 7-14 dana<\/p>\n","protected":false},"excerpt":{"rendered":"<p>Opis: visina 40 x du\u017eine 8,2 x dubina 8,2 cm, te\u017eine 940 gr kromirani stalak za \u010detku za wc, sa \u010detkom za wc, sjajna zavr\u0161na obrada 15 godina jamstva Rok isporuke 7-14 dana<\/p>\n","protected":false},"featured_media":1286,"template":"","meta":{"_acf_changed":false},"product_brand":[],"product_cat":[67],"product_tag":[],"class_list":{"0":"post-6089","1":"product","2":"type-product","3":"status-publish","4":"has-post-thumbnail","6":"product_cat-kupaonska-galanterija-lounge","8":"first","9":"instock","10":"sale","11":"taxable","12":"shipping-taxable","13":"purchasable","14":"product-type-simple"},"acf":[],"_links":{"self":[{"href":"https:\/\/adhotelskaoprema.com\/en\/wp-json\/wp\/v2\/product\/6089","targetHints":{"allow":["GET"]}}],"collection":[{"href":"https:\/\/adhotelskaoprema.com\/en\/wp-json\/wp\/v2\/product"}],"about":[{"href":"https:\/\/adhotelskaoprema.com\/en\/wp-json\/wp\/v2\/types\/product"}],"wp:featuredmedia":[{"embeddable":true,"href":"https:\/\/adhotelskaoprema.com\/en\/wp-json\/wp\/v2\/media\/1286"}],"wp:attachment":[{"href":"https:\/\/adhotelskaoprema.com\/en\/wp-json\/wp\/v2\/media?parent=6089"}],"wp:term":[{"taxonomy":"product_brand","embeddable":true,"href":"https:\/\/adhotelskaoprema.com\/en\/wp-json\/wp\/v2\/product_brand?post=6089"},{"taxonomy":"product_cat","embeddable":true,"href":"https:\/\/adhotelskaoprema.com\/en\/wp-json\/wp\/v2\/product_cat?post=6089"},{"taxonomy":"product_tag","embeddable":true,"href":"https:\/\/adhotelskaoprema.com\/en\/wp-json\/wp\/v2\/product_tag?post=6089"}],"curies":[{"name":"wp","href":"https:\/\/api.w.org\/{rel}","templated":true}]}}