{"id":6087,"date":"2024-02-05T10:24:30","date_gmt":"2024-02-05T09:24:30","guid":{"rendered":"https:\/\/adhotelskaoprema.com\/proizvod\/dupla-kuka-za-rucnik\/"},"modified":"2024-02-05T10:24:34","modified_gmt":"2024-02-05T09:24:34","slug":"dupla-kuka-za-rucnik","status":"publish","type":"product","link":"https:\/\/adhotelskaoprema.com\/en\/proizvod\/dupla-kuka-za-rucnik\/","title":{"rendered":"DUPLA KUKA ZA RU\u010cNIK"},"content":{"rendered":"<p>Opis:<br \/>\nvisina 3 x du\u017eine 7 x dubina 3 cm, te\u017eine 110 gr<br \/>\nkromirana dupla kuka za ru\u010dnik, sa sjajnom zavr\u0161nom obradom,<br \/>\n15 godina jamstva<\/p>\n<p>Rok isporuke 7-14 dana<\/p>\n","protected":false},"excerpt":{"rendered":"<p>Opis: visina 3 x du\u017eine 7 x dubina 3 cm, te\u017eine 110 gr kromirana dupla kuka za ru\u010dnik, sa sjajnom zavr\u0161nom obradom, 15 godina jamstva Rok isporuke 7-14 dana<\/p>\n","protected":false},"featured_media":1282,"template":"","meta":{"_acf_changed":false},"product_brand":[],"product_cat":[67],"product_tag":[],"class_list":{"0":"post-6087","1":"product","2":"type-product","3":"status-publish","4":"has-post-thumbnail","6":"product_cat-kupaonska-galanterija-lounge","8":"first","9":"instock","10":"sale","11":"taxable","12":"shipping-taxable","13":"purchasable","14":"product-type-simple"},"acf":[],"_links":{"self":[{"href":"https:\/\/adhotelskaoprema.com\/en\/wp-json\/wp\/v2\/product\/6087","targetHints":{"allow":["GET"]}}],"collection":[{"href":"https:\/\/adhotelskaoprema.com\/en\/wp-json\/wp\/v2\/product"}],"about":[{"href":"https:\/\/adhotelskaoprema.com\/en\/wp-json\/wp\/v2\/types\/product"}],"wp:featuredmedia":[{"embeddable":true,"href":"https:\/\/adhotelskaoprema.com\/en\/wp-json\/wp\/v2\/media\/1282"}],"wp:attachment":[{"href":"https:\/\/adhotelskaoprema.com\/en\/wp-json\/wp\/v2\/media?parent=6087"}],"wp:term":[{"taxonomy":"product_brand","embeddable":true,"href":"https:\/\/adhotelskaoprema.com\/en\/wp-json\/wp\/v2\/product_brand?post=6087"},{"taxonomy":"product_cat","embeddable":true,"href":"https:\/\/adhotelskaoprema.com\/en\/wp-json\/wp\/v2\/product_cat?post=6087"},{"taxonomy":"product_tag","embeddable":true,"href":"https:\/\/adhotelskaoprema.com\/en\/wp-json\/wp\/v2\/product_tag?post=6087"}],"curies":[{"name":"wp","href":"https:\/\/api.w.org\/{rel}","templated":true}]}}