{"id":6084,"date":"2024-02-05T10:24:30","date_gmt":"2024-02-05T09:24:30","guid":{"rendered":"https:\/\/adhotelskaoprema.com\/proizvod\/prsten-za-rucnik-crni-20-cm\/"},"modified":"2024-02-05T10:24:33","modified_gmt":"2024-02-05T09:24:33","slug":"prsten-za-rucnik-crni-20-cm","status":"publish","type":"product","link":"https:\/\/adhotelskaoprema.com\/en\/proizvod\/prsten-za-rucnik-crni-20-cm\/","title":{"rendered":"PRSTEN ZA RU\u010cNIK CRNI 20 CM"},"content":{"rendered":"<p>Opis:<br \/>\nvisina 2,4 x du\u017eine 20,3 x dubina 9,6 cm, te\u017eine 230 gr<br \/>\nkromiran prsten za ru\u010dnike, sa sjajnom zavr\u0161nom obradom, mat crne boje<br \/>\n15 godina jamstva<\/p>\n<p>Rok isporuke 7-14 dana<\/p>\n","protected":false},"excerpt":{"rendered":"<p>Opis: visina 2,4 x du\u017eine 20,3 x dubina 9,6 cm, te\u017eine 230 gr kromiran prsten za ru\u010dnike, sa sjajnom zavr\u0161nom obradom, mat crne boje 15 godina jamstva Rok isporuke 7-14 dana<\/p>\n","protected":false},"featured_media":1276,"template":"","meta":{"_acf_changed":false},"product_brand":[],"product_cat":[67],"product_tag":[],"class_list":{"0":"post-6084","1":"product","2":"type-product","3":"status-publish","4":"has-post-thumbnail","6":"product_cat-kupaonska-galanterija-lounge","8":"first","9":"instock","10":"sale","11":"taxable","12":"shipping-taxable","13":"purchasable","14":"product-type-simple"},"acf":[],"_links":{"self":[{"href":"https:\/\/adhotelskaoprema.com\/en\/wp-json\/wp\/v2\/product\/6084","targetHints":{"allow":["GET"]}}],"collection":[{"href":"https:\/\/adhotelskaoprema.com\/en\/wp-json\/wp\/v2\/product"}],"about":[{"href":"https:\/\/adhotelskaoprema.com\/en\/wp-json\/wp\/v2\/types\/product"}],"wp:featuredmedia":[{"embeddable":true,"href":"https:\/\/adhotelskaoprema.com\/en\/wp-json\/wp\/v2\/media\/1276"}],"wp:attachment":[{"href":"https:\/\/adhotelskaoprema.com\/en\/wp-json\/wp\/v2\/media?parent=6084"}],"wp:term":[{"taxonomy":"product_brand","embeddable":true,"href":"https:\/\/adhotelskaoprema.com\/en\/wp-json\/wp\/v2\/product_brand?post=6084"},{"taxonomy":"product_cat","embeddable":true,"href":"https:\/\/adhotelskaoprema.com\/en\/wp-json\/wp\/v2\/product_cat?post=6084"},{"taxonomy":"product_tag","embeddable":true,"href":"https:\/\/adhotelskaoprema.com\/en\/wp-json\/wp\/v2\/product_tag?post=6084"}],"curies":[{"name":"wp","href":"https:\/\/api.w.org\/{rel}","templated":true}]}}