{"id":6078,"date":"2024-02-05T10:24:30","date_gmt":"2024-02-05T09:24:30","guid":{"rendered":"https:\/\/adhotelskaoprema.com\/proizvod\/drzac-rucnika-60-cm\/"},"modified":"2024-02-05T10:24:30","modified_gmt":"2024-02-05T09:24:30","slug":"drzac-rucnika-60-cm","status":"publish","type":"product","link":"https:\/\/adhotelskaoprema.com\/en\/proizvod\/drzac-rucnika-60-cm\/","title":{"rendered":"DR\u017dA\u010c RU\u010cNIKA 60 CM"},"content":{"rendered":"<p>Opis:<br \/>\nvisina 2,4 x du\u017eine 60 x dubina 5,7 cm, te\u017eine 560 gr<br \/>\nkromiran dr\u017ea\u010d za ru\u010dnike, sa sjajnom zavr\u0161nom obradom<br \/>\n15 godina jamstva<\/p>\n<p>Rok isporuke 7-14 dana.<\/p>\n","protected":false},"excerpt":{"rendered":"<p>|<\/p>\n","protected":false},"featured_media":1263,"template":"","meta":{"_acf_changed":false},"product_brand":[],"product_cat":[67],"product_tag":[],"class_list":{"0":"post-6078","1":"product","2":"type-product","3":"status-publish","4":"has-post-thumbnail","6":"product_cat-kupaonska-galanterija-lounge","8":"first","9":"instock","10":"sale","11":"taxable","12":"shipping-taxable","13":"purchasable","14":"product-type-simple"},"acf":[],"_links":{"self":[{"href":"https:\/\/adhotelskaoprema.com\/en\/wp-json\/wp\/v2\/product\/6078","targetHints":{"allow":["GET"]}}],"collection":[{"href":"https:\/\/adhotelskaoprema.com\/en\/wp-json\/wp\/v2\/product"}],"about":[{"href":"https:\/\/adhotelskaoprema.com\/en\/wp-json\/wp\/v2\/types\/product"}],"wp:featuredmedia":[{"embeddable":true,"href":"https:\/\/adhotelskaoprema.com\/en\/wp-json\/wp\/v2\/media\/1263"}],"wp:attachment":[{"href":"https:\/\/adhotelskaoprema.com\/en\/wp-json\/wp\/v2\/media?parent=6078"}],"wp:term":[{"taxonomy":"product_brand","embeddable":true,"href":"https:\/\/adhotelskaoprema.com\/en\/wp-json\/wp\/v2\/product_brand?post=6078"},{"taxonomy":"product_cat","embeddable":true,"href":"https:\/\/adhotelskaoprema.com\/en\/wp-json\/wp\/v2\/product_cat?post=6078"},{"taxonomy":"product_tag","embeddable":true,"href":"https:\/\/adhotelskaoprema.com\/en\/wp-json\/wp\/v2\/product_tag?post=6078"}],"curies":[{"name":"wp","href":"https:\/\/api.w.org\/{rel}","templated":true}]}}