{"id":6069,"date":"2024-02-05T10:24:16","date_gmt":"2024-02-05T09:24:16","guid":{"rendered":"https:\/\/adhotelskaoprema.com\/proizvod\/dozator-sa-nosacem\/"},"modified":"2024-02-05T10:24:22","modified_gmt":"2024-02-05T09:24:22","slug":"dozator-sa-nosacem","status":"publish","type":"product","link":"https:\/\/adhotelskaoprema.com\/en\/proizvod\/dozator-sa-nosacem\/","title":{"rendered":"DOZATOR SA NOSA\u010cEM"},"content":{"rendered":"<p>Opis:<br \/>\nvisina 15,6 x du\u017eina 11,6 x \u0161irina 6,8 cm, te\u017eina 550 gr<br \/>\ndozator sapuna izra\u0111en od mutnog stakla sa kromiranim dr\u017ea\u010dem i mjedenom pumpom za doziranje<br \/>\n15 godina garancije<\/p>\n<p>Rok isporuke 7-14 dana.<\/p>\n","protected":false},"excerpt":{"rendered":"<p>Opis: visina 15,6 x du\u017eina 11,6 x \u0161irina 6,8 cm, te\u017eina 550 gr dozator sapuna izra\u0111en od mutnog stakla sa kromiranim dr\u017ea\u010dem i mjedenom pumpom za doziranje 15 godina garancije Rok isporuke 7-14 dana.<\/p>\n","protected":false},"featured_media":1241,"template":"","meta":{"_acf_changed":false},"product_brand":[],"product_cat":[67],"product_tag":[],"class_list":{"0":"post-6069","1":"product","2":"type-product","3":"status-publish","4":"has-post-thumbnail","6":"product_cat-kupaonska-galanterija-lounge","8":"first","9":"instock","10":"sale","11":"taxable","12":"shipping-taxable","13":"purchasable","14":"product-type-simple"},"acf":[],"_links":{"self":[{"href":"https:\/\/adhotelskaoprema.com\/en\/wp-json\/wp\/v2\/product\/6069","targetHints":{"allow":["GET"]}}],"collection":[{"href":"https:\/\/adhotelskaoprema.com\/en\/wp-json\/wp\/v2\/product"}],"about":[{"href":"https:\/\/adhotelskaoprema.com\/en\/wp-json\/wp\/v2\/types\/product"}],"wp:featuredmedia":[{"embeddable":true,"href":"https:\/\/adhotelskaoprema.com\/en\/wp-json\/wp\/v2\/media\/1241"}],"wp:attachment":[{"href":"https:\/\/adhotelskaoprema.com\/en\/wp-json\/wp\/v2\/media?parent=6069"}],"wp:term":[{"taxonomy":"product_brand","embeddable":true,"href":"https:\/\/adhotelskaoprema.com\/en\/wp-json\/wp\/v2\/product_brand?post=6069"},{"taxonomy":"product_cat","embeddable":true,"href":"https:\/\/adhotelskaoprema.com\/en\/wp-json\/wp\/v2\/product_cat?post=6069"},{"taxonomy":"product_tag","embeddable":true,"href":"https:\/\/adhotelskaoprema.com\/en\/wp-json\/wp\/v2\/product_tag?post=6069"}],"curies":[{"name":"wp","href":"https:\/\/api.w.org\/{rel}","templated":true}]}}