{"id":6067,"date":"2024-02-05T10:24:16","date_gmt":"2024-02-05T09:24:16","guid":{"rendered":"https:\/\/adhotelskaoprema.com\/proizvod\/stalak-za-sapun-crni\/"},"modified":"2024-02-05T10:24:21","modified_gmt":"2024-02-05T09:24:21","slug":"stalak-za-sapun-crni","status":"publish","type":"product","link":"https:\/\/adhotelskaoprema.com\/en\/proizvod\/stalak-za-sapun-crni\/","title":{"rendered":"STALAK ZA SAPUN &#8211; CRNI"},"content":{"rendered":"<p>Opis:<br \/>\nvisina 4,1 x du\u017eina 12 x \u0161irina 12cm, te\u017eina 430 gr<br \/>\nPosuda od mutnog stakla sa kromiranim dr\u017ea\u010dem mat crne boje<br \/>\n15 godina garancije<\/p>\n<p>Rok isporuke 7-14 dana.<\/p>\n","protected":false},"excerpt":{"rendered":"<p>Opis: visina 4,1 x du\u017eina 12 x \u0161irina 12cm, te\u017eina 430 gr Posuda od mutnog stakla sa kromiranim dr\u017ea\u010dem mat crne boje 15 godina garancije Rok isporuke 7-14 dana.<\/p>\n","protected":false},"featured_media":1237,"template":"","meta":{"_acf_changed":false},"product_brand":[],"product_cat":[67],"product_tag":[],"class_list":{"0":"post-6067","1":"product","2":"type-product","3":"status-publish","4":"has-post-thumbnail","6":"product_cat-kupaonska-galanterija-lounge","8":"first","9":"instock","10":"sale","11":"taxable","12":"shipping-taxable","13":"purchasable","14":"product-type-simple"},"acf":[],"_links":{"self":[{"href":"https:\/\/adhotelskaoprema.com\/en\/wp-json\/wp\/v2\/product\/6067","targetHints":{"allow":["GET"]}}],"collection":[{"href":"https:\/\/adhotelskaoprema.com\/en\/wp-json\/wp\/v2\/product"}],"about":[{"href":"https:\/\/adhotelskaoprema.com\/en\/wp-json\/wp\/v2\/types\/product"}],"wp:featuredmedia":[{"embeddable":true,"href":"https:\/\/adhotelskaoprema.com\/en\/wp-json\/wp\/v2\/media\/1237"}],"wp:attachment":[{"href":"https:\/\/adhotelskaoprema.com\/en\/wp-json\/wp\/v2\/media?parent=6067"}],"wp:term":[{"taxonomy":"product_brand","embeddable":true,"href":"https:\/\/adhotelskaoprema.com\/en\/wp-json\/wp\/v2\/product_brand?post=6067"},{"taxonomy":"product_cat","embeddable":true,"href":"https:\/\/adhotelskaoprema.com\/en\/wp-json\/wp\/v2\/product_cat?post=6067"},{"taxonomy":"product_tag","embeddable":true,"href":"https:\/\/adhotelskaoprema.com\/en\/wp-json\/wp\/v2\/product_tag?post=6067"}],"curies":[{"name":"wp","href":"https:\/\/api.w.org\/{rel}","templated":true}]}}