{"id":6058,"date":"2024-02-05T10:24:16","date_gmt":"2024-02-05T09:24:16","guid":{"rendered":"https:\/\/adhotelskaoprema.com\/proizvod\/kos-za-smece-okrugli-5l-3\/"},"modified":"2025-01-14T09:55:56","modified_gmt":"2025-01-14T08:55:56","slug":"kos-za-smece-okrugli-5l-3","status":"publish","type":"product","link":"https:\/\/adhotelskaoprema.com\/en\/proizvod\/kos-za-smece-okrugli-5l-3\/","title":{"rendered":"KO\u0160 ZA SME\u0106E &#8211; OKRUGLI 5L"},"content":{"rendered":"<p>Opis:<br \/>\nmat siva okrugla kanta za sme\u0107e, od nehr\u0111aju\u0107eg \u010delika, zapremnine 5 litara, na pedalu crne boje.<br \/>\nvisina: 27,5cm<br \/>\ndubina: 26,8cm<br \/>\nfi: 20,6cm<\/p>\n<p>Rok isporuke 7-14 dana.<\/p>\n","protected":false},"excerpt":{"rendered":"<p>Opis: mat siva okrugla kanta za sme\u0107e, od nehr\u0111aju\u0107eg \u010delika, zapremnine 5 litara, na pedalu crne boje. visina: 27,5cm dubina: 26,8cm fi: 20,6cm Rok isporuke 7-14 dana.<\/p>\n","protected":false},"featured_media":1223,"template":"","meta":{"_acf_changed":false},"product_brand":[],"product_cat":[320],"product_tag":[],"class_list":{"0":"post-6058","1":"product","2":"type-product","3":"status-publish","4":"has-post-thumbnail","6":"product_cat-kosevi-za-sobe","8":"first","9":"instock","10":"sale","11":"taxable","12":"shipping-taxable","13":"purchasable","14":"product-type-simple"},"acf":[],"_links":{"self":[{"href":"https:\/\/adhotelskaoprema.com\/en\/wp-json\/wp\/v2\/product\/6058","targetHints":{"allow":["GET"]}}],"collection":[{"href":"https:\/\/adhotelskaoprema.com\/en\/wp-json\/wp\/v2\/product"}],"about":[{"href":"https:\/\/adhotelskaoprema.com\/en\/wp-json\/wp\/v2\/types\/product"}],"wp:featuredmedia":[{"embeddable":true,"href":"https:\/\/adhotelskaoprema.com\/en\/wp-json\/wp\/v2\/media\/1223"}],"wp:attachment":[{"href":"https:\/\/adhotelskaoprema.com\/en\/wp-json\/wp\/v2\/media?parent=6058"}],"wp:term":[{"taxonomy":"product_brand","embeddable":true,"href":"https:\/\/adhotelskaoprema.com\/en\/wp-json\/wp\/v2\/product_brand?post=6058"},{"taxonomy":"product_cat","embeddable":true,"href":"https:\/\/adhotelskaoprema.com\/en\/wp-json\/wp\/v2\/product_cat?post=6058"},{"taxonomy":"product_tag","embeddable":true,"href":"https:\/\/adhotelskaoprema.com\/en\/wp-json\/wp\/v2\/product_tag?post=6058"}],"curies":[{"name":"wp","href":"https:\/\/api.w.org\/{rel}","templated":true}]}}