{"id":6054,"date":"2024-02-05T10:24:04","date_gmt":"2024-02-05T09:24:04","guid":{"rendered":"https:\/\/adhotelskaoprema.com\/proizvod\/kos-za-smece-okrugli-3l\/"},"modified":"2025-01-14T09:57:11","modified_gmt":"2025-01-14T08:57:11","slug":"kos-za-smece-okrugli-3l","status":"publish","type":"product","link":"https:\/\/adhotelskaoprema.com\/en\/proizvod\/kos-za-smece-okrugli-3l\/","title":{"rendered":"KO\u0160 ZA SME\u0106E &#8211; OKRUGLI 3L"},"content":{"rendered":"<p>Opis:<br \/>\nsrebrna okrugla kanta za sme\u0107e, od nehr\u0111aju\u0107eg \u010delika, zapremnine 3 litara, na pedalu.<br \/>\nvisina: 26cm<br \/>\ndubina: 22,5cm<br \/>\nfi: 17cm<\/p>\n<p>Rok isporuke 7-14 dana.<\/p>\n","protected":false},"excerpt":{"rendered":"<p>Opis: srebrna okrugla kanta za sme\u0107e, od nehr\u0111aju\u0107eg \u010delika, zapremnine 3 litara, na pedalu. visina: 26cm dubina: 22,5cm fi: 17cm Rok isporuke 7-14 dana.<\/p>\n","protected":false},"featured_media":1215,"template":"","meta":{"_acf_changed":false},"product_brand":[],"product_cat":[320],"product_tag":[],"class_list":{"0":"post-6054","1":"product","2":"type-product","3":"status-publish","4":"has-post-thumbnail","6":"product_cat-kosevi-za-sobe","8":"first","9":"instock","10":"sale","11":"taxable","12":"shipping-taxable","13":"purchasable","14":"product-type-simple"},"acf":[],"_links":{"self":[{"href":"https:\/\/adhotelskaoprema.com\/en\/wp-json\/wp\/v2\/product\/6054","targetHints":{"allow":["GET"]}}],"collection":[{"href":"https:\/\/adhotelskaoprema.com\/en\/wp-json\/wp\/v2\/product"}],"about":[{"href":"https:\/\/adhotelskaoprema.com\/en\/wp-json\/wp\/v2\/types\/product"}],"wp:featuredmedia":[{"embeddable":true,"href":"https:\/\/adhotelskaoprema.com\/en\/wp-json\/wp\/v2\/media\/1215"}],"wp:attachment":[{"href":"https:\/\/adhotelskaoprema.com\/en\/wp-json\/wp\/v2\/media?parent=6054"}],"wp:term":[{"taxonomy":"product_brand","embeddable":true,"href":"https:\/\/adhotelskaoprema.com\/en\/wp-json\/wp\/v2\/product_brand?post=6054"},{"taxonomy":"product_cat","embeddable":true,"href":"https:\/\/adhotelskaoprema.com\/en\/wp-json\/wp\/v2\/product_cat?post=6054"},{"taxonomy":"product_tag","embeddable":true,"href":"https:\/\/adhotelskaoprema.com\/en\/wp-json\/wp\/v2\/product_tag?post=6054"}],"curies":[{"name":"wp","href":"https:\/\/api.w.org\/{rel}","templated":true}]}}