{"id":6047,"date":"2024-02-05T10:24:04","date_gmt":"2024-02-05T09:24:04","guid":{"rendered":"https:\/\/adhotelskaoprema.com\/proizvod\/susilo-za-ruke-s-air-kids\/"},"modified":"2024-02-05T10:24:08","modified_gmt":"2024-02-05T09:24:08","slug":"susilo-za-ruke-s-air-kids","status":"publish","type":"product","link":"https:\/\/adhotelskaoprema.com\/en\/proizvod\/susilo-za-ruke-s-air-kids\/","title":{"rendered":"SU\u0160ILO ZA RUKE S AIR &#8211; KIDS"},"content":{"rendered":"<p>Paket uklju\u010duje KIDS bijelo su\u0161ilo za ruke, Cleanline Kids Gel dozator sapuna i pedago\u0161ke plo\u010de za pomo\u0107 djeci pri pranju ruku.<\/p>\n<p>Vrijeme su\u0161enja (s): 10-15s<br \/>\nMaterijal: ABS<br \/>\nBoj9a: dje\u010dja<br \/>\nJamstvo (u godinama): 3<br \/>\nSnaga (W): 600<br \/>\nNapon: 220-240V<br \/>\nFrekvencija (Hz): 50<br \/>\nRazina zvuka (dB) (1 m ispred ure\u0111aja): 75<br \/>\nFilter: Antibakterijski filter (opcija)<br \/>\nZa\u0161ti\u0107eno od vandala: Da<br \/>\nOsvjetljenje zone su\u0161enja: Da<br \/>\nVisina (mm) : 292 \u0160irina (mm) : 216 Dubina (mm) : 195<\/p>\n<p>Rok isporuke 7-14 dana.<\/p>\n","protected":false},"excerpt":{"rendered":"<p>|||<\/p>\n","protected":false},"featured_media":1198,"template":"","meta":{"_acf_changed":false},"product_brand":[],"product_cat":[65],"product_tag":[],"class_list":{"0":"post-6047","1":"product","2":"type-product","3":"status-publish","4":"has-post-thumbnail","6":"product_cat-susila-za-ruke","8":"first","9":"instock","10":"sale","11":"taxable","12":"shipping-taxable","13":"purchasable","14":"product-type-simple"},"acf":[],"_links":{"self":[{"href":"https:\/\/adhotelskaoprema.com\/en\/wp-json\/wp\/v2\/product\/6047","targetHints":{"allow":["GET"]}}],"collection":[{"href":"https:\/\/adhotelskaoprema.com\/en\/wp-json\/wp\/v2\/product"}],"about":[{"href":"https:\/\/adhotelskaoprema.com\/en\/wp-json\/wp\/v2\/types\/product"}],"wp:featuredmedia":[{"embeddable":true,"href":"https:\/\/adhotelskaoprema.com\/en\/wp-json\/wp\/v2\/media\/1198"}],"wp:attachment":[{"href":"https:\/\/adhotelskaoprema.com\/en\/wp-json\/wp\/v2\/media?parent=6047"}],"wp:term":[{"taxonomy":"product_brand","embeddable":true,"href":"https:\/\/adhotelskaoprema.com\/en\/wp-json\/wp\/v2\/product_brand?post=6047"},{"taxonomy":"product_cat","embeddable":true,"href":"https:\/\/adhotelskaoprema.com\/en\/wp-json\/wp\/v2\/product_cat?post=6047"},{"taxonomy":"product_tag","embeddable":true,"href":"https:\/\/adhotelskaoprema.com\/en\/wp-json\/wp\/v2\/product_tag?post=6047"}],"curies":[{"name":"wp","href":"https:\/\/api.w.org\/{rel}","templated":true}]}}