{"id":6044,"date":"2024-02-05T10:24:04","date_gmt":"2024-02-05T09:24:04","guid":{"rendered":"https:\/\/adhotelskaoprema.com\/proizvod\/susilo-za-ruke-s\/"},"modified":"2024-02-05T10:24:06","modified_gmt":"2024-02-05T09:24:06","slug":"susilo-za-ruke-s","status":"publish","type":"product","link":"https:\/\/adhotelskaoprema.com\/en\/proizvod\/susilo-za-ruke-s\/","title":{"rendered":"SU\u0160ILO ZA RUKE &#8211; S"},"content":{"rendered":"<p>Automatsko mat crno su\u0161ilo za ruke s prisilnim protokom zraka i baktericidnim bakrenim filtrom, opremljen spremnikom za povrat vode.<\/p>\n<p>Vrijeme su\u0161enja (s): 10-15s<br \/>\nMaterijal: ABS<br \/>\nBoja: Crna<br \/>\nPosuda za vodu: Da<br \/>\nKapacitet posude za vodu (mL): 1000<br \/>\nPriklju\u010dak za odvod: Opcionalno<br \/>\nSnaga (W): 800<br \/>\nNapon: 220-240V<br \/>\nFrekvencija (Hz): 50<br \/>\nRazina buke (dB) (1 m ispred ure\u0111aja): 73<br \/>\nFilter: Bakreni filter<br \/>\nAntibakterijski tretman: Da<br \/>\nOsvjetljenje zone su\u0161enja: Da<br \/>\nVisina (mm) : 531 \u0160irina (mm) : 340 Dubina (mm) : 260 <\/p>\n<p>Rok isporuke 7-14 dana.<\/p>\n","protected":false},"excerpt":{"rendered":"<p>Automatsko mat crno su\u0161ilo za ruke s prisilnim protokom zraka i baktericidnim bakrenim filtrom, opremljen spremnikom za povrat vode. Vrijeme su\u0161enja (s): 10-15s Materijal: ABS Boja: Crna Posuda za vodu: Da Kapacitet posude za vodu (mL): 1000 Priklju\u010dak za odvod: Opcionalno Snaga (W): 800 Napon: 220-240V Frekvencija (Hz): 50 Razina buke (dB) (1 m ispred [&hellip;]<\/p>\n","protected":false},"featured_media":1192,"template":"","meta":{"_acf_changed":false},"product_brand":[],"product_cat":[65],"product_tag":[],"class_list":{"0":"post-6044","1":"product","2":"type-product","3":"status-publish","4":"has-post-thumbnail","6":"product_cat-susila-za-ruke","8":"first","9":"instock","10":"sale","11":"taxable","12":"shipping-taxable","13":"purchasable","14":"product-type-simple"},"acf":[],"_links":{"self":[{"href":"https:\/\/adhotelskaoprema.com\/en\/wp-json\/wp\/v2\/product\/6044","targetHints":{"allow":["GET"]}}],"collection":[{"href":"https:\/\/adhotelskaoprema.com\/en\/wp-json\/wp\/v2\/product"}],"about":[{"href":"https:\/\/adhotelskaoprema.com\/en\/wp-json\/wp\/v2\/types\/product"}],"wp:featuredmedia":[{"embeddable":true,"href":"https:\/\/adhotelskaoprema.com\/en\/wp-json\/wp\/v2\/media\/1192"}],"wp:attachment":[{"href":"https:\/\/adhotelskaoprema.com\/en\/wp-json\/wp\/v2\/media?parent=6044"}],"wp:term":[{"taxonomy":"product_brand","embeddable":true,"href":"https:\/\/adhotelskaoprema.com\/en\/wp-json\/wp\/v2\/product_brand?post=6044"},{"taxonomy":"product_cat","embeddable":true,"href":"https:\/\/adhotelskaoprema.com\/en\/wp-json\/wp\/v2\/product_cat?post=6044"},{"taxonomy":"product_tag","embeddable":true,"href":"https:\/\/adhotelskaoprema.com\/en\/wp-json\/wp\/v2\/product_tag?post=6044"}],"curies":[{"name":"wp","href":"https:\/\/api.w.org\/{rel}","templated":true}]}}