{"id":6040,"date":"2024-02-05T10:24:04","date_gmt":"2024-02-05T09:24:04","guid":{"rendered":"https:\/\/adhotelskaoprema.com\/proizvod\/susilo-za-ruke-e\/"},"modified":"2024-02-05T10:24:05","modified_gmt":"2024-02-05T09:24:05","slug":"susilo-za-ruke-e","status":"publish","type":"product","link":"https:\/\/adhotelskaoprema.com\/en\/proizvod\/susilo-za-ruke-e\/","title":{"rendered":"SU\u0160ILO ZA RUKE &#8211; E"},"content":{"rendered":"<p>Bijelo su\u0161ilo za ruke s prisilnim protokom zraka s aluminijskom kapulja\u010dom i prilago\u0111en osobama smanjene pokretljivosti.<\/p>\n<p>Vrijeme su\u0161enja (s): 10-15s<br \/>\nMaterijal: Aluminij<br \/>\nBoja: Bijela<br \/>\nJamstvo (u godinama): 3<br \/>\nPosuda za vodu: Da<br \/>\nKapacitet posude za vodu (mL): 600<br \/>\nPriklju\u010dak za odvod: Opcionalno<br \/>\nSnaga (W): 800<br \/>\nNapon: 230V<br \/>\nFrekvencija (Hz): 50<br \/>\nRazina zvuka (dB) (1 m ispred ure\u0111aja): 75<br \/>\nFilter: Bakreni filter<br \/>\nZa\u0161ti\u0107eno od vandala: Da<br \/>\nAntibakterijski tretman: Da<br \/>\nOsvjetljenje zone su\u0161enja: Da<br \/>\nVisina (mm) : 430 \u0160irina (mm) : 343 Dubina (mm) : 237<\/p>\n<p>Rok isporuke 7-14 dana.<\/p>\n","protected":false},"excerpt":{"rendered":"<p>Bijelo su\u0161ilo za ruke s prisilnim protokom zraka s aluminijskom kapulja\u010dom i prilago\u0111en osobama smanjene pokretljivosti. Vrijeme su\u0161enja (s): 10-15s Materijal: Aluminij Boja: Bijela Jamstvo (u godinama): 3 Posuda za vodu: Da Kapacitet posude za vodu (mL): 600 Priklju\u010dak za odvod: Opcionalno Snaga (W): 800 Napon: 230V Frekvencija (Hz): 50 Razina zvuka (dB) (1 m [&hellip;]<\/p>\n","protected":false},"featured_media":1184,"template":"","meta":{"_acf_changed":false},"product_brand":[],"product_cat":[65],"product_tag":[],"class_list":{"0":"post-6040","1":"product","2":"type-product","3":"status-publish","4":"has-post-thumbnail","6":"product_cat-susila-za-ruke","8":"first","9":"instock","10":"sale","11":"taxable","12":"shipping-taxable","13":"purchasable","14":"product-type-simple"},"acf":[],"_links":{"self":[{"href":"https:\/\/adhotelskaoprema.com\/en\/wp-json\/wp\/v2\/product\/6040","targetHints":{"allow":["GET"]}}],"collection":[{"href":"https:\/\/adhotelskaoprema.com\/en\/wp-json\/wp\/v2\/product"}],"about":[{"href":"https:\/\/adhotelskaoprema.com\/en\/wp-json\/wp\/v2\/types\/product"}],"wp:featuredmedia":[{"embeddable":true,"href":"https:\/\/adhotelskaoprema.com\/en\/wp-json\/wp\/v2\/media\/1184"}],"wp:attachment":[{"href":"https:\/\/adhotelskaoprema.com\/en\/wp-json\/wp\/v2\/media?parent=6040"}],"wp:term":[{"taxonomy":"product_brand","embeddable":true,"href":"https:\/\/adhotelskaoprema.com\/en\/wp-json\/wp\/v2\/product_brand?post=6040"},{"taxonomy":"product_cat","embeddable":true,"href":"https:\/\/adhotelskaoprema.com\/en\/wp-json\/wp\/v2\/product_cat?post=6040"},{"taxonomy":"product_tag","embeddable":true,"href":"https:\/\/adhotelskaoprema.com\/en\/wp-json\/wp\/v2\/product_tag?post=6040"}],"curies":[{"name":"wp","href":"https:\/\/api.w.org\/{rel}","templated":true}]}}